{"id":15984,"date":"2015-02-19T21:17:31","date_gmt":"2015-02-19T21:17:31","guid":{"rendered":"https:\/\/burqundi.com\/burqundi-digital-marketing-agency\/"},"modified":"2020-06-21T18:42:47","modified_gmt":"2020-06-21T18:42:47","slug":"fr","status":"publish","type":"page","link":"https:\/\/burqundi.ro\/fr\/","title":{"rendered":"Burqundi &#8211; The Digital Marketing Agency"},"content":{"rendered":"<div class=\"wpb-content-wrapper\"><p>[vc_row bg_image=\u00a0\u00bb16275&Prime; parallax_bg=\u00a0\u00bbtrue\u00a0\u00bb bg_color=\u00a0\u00bb#eaeaec\u00a0\u00bb text_color=\u00a0\u00bblight\u00a0\u00bb text_align=\u00a0\u00bbcenter\u00a0\u00bb full_height=\u00a0\u00bbtrue\u00a0\u00bb video_bg_url=\u00a0\u00bb#\u00a0\u00bb video_bg_parallax=\u00a0\u00bbcontent-moving\u00a0\u00bb bg_position=\u00a0\u00bbcenter top\u00a0\u00bb][vc_column animation=\u00a0\u00bbfade-in-from-top\u00a0\u00bb width=\u00a0\u00bb1\/1&Prime;]<h1 class=\"headline font-inherit fontsize-xxxl fontweight-400 lh-inherit align-center transform-inherit \" style=\"margin: 0 0 0px 0;\">Burqundi &#8211; The Digital Marketing Agency<\/h1><div class=\"headline font-inherit fontsize-l fontweight-400 lh-inherit align-center transform-uppercase \" style=\"\">La premiere \u00e9tape est complete.<br \/>\nD\u00e9filer vers le bas pour ne conna\u00eetre et pour<br \/>\nen savoir comment pouvons-nous aider votre entreprise.<\/div>[\/vc_column][\/vc_row][vc_row top_padding=\u00a0\u00bb60&Prime; bottom_padding=\u00a0\u00bb60&Prime; row_id=\u00a0\u00bbintro\u00a0\u00bb bg_position=\u00a0\u00bbleft top\u00a0\u00bb][vc_column animation=\u00a0\u00bbfade-in\u00a0\u00bb width=\u00a0\u00bb1\/1&Prime;]<h2 class=\"headline font-inherit fontsize-xxl fontweight-400 lh-inherit align-center transform-uppercase \" style=\"margin: 0 0 20px 0;\">Qui sommes <strong>nous?<\/strong><\/h2><div class=\"headline font-inherit fontsize-m fontweight-300 lh-inherit align-center transform-inherit \" style=\"margin: 0 0 40px 0; color: #999999;\"><span style=\"color: #006f79;\"><strong><em>\u201cLe marketing est trop importante pour \u00eatre laiss\u00e9e au service du marketing.\u201d ~ David Packard<\/em><\/strong><\/span><\/p>\n<p>Burqundi est une agence sp\u00e9cialis\u00e9e en marketing digital &#8211; nous mettons toutes les nouvelles technologies \u00e0 votre service, avec un maximum d&rsquo;efficacit\u00e9.<br \/>\nNous sommes passionn\u00e9s par le marketing, mais profond\u00e9ment enracin\u00e9 dans l&rsquo;ADN de notre entreprise, c&rsquo;est la technologie qui nous permet de mettre en \u0153uvre des campagnes de marketing et des projets avec pr\u00e9cision de gr\u00e8ve chirurgicale.<\/div>[\/vc_column][\/vc_row][vc_row bg_color=\u00a0\u00bb#333333&Prime; text_color=\u00a0\u00bblight\u00a0\u00bb text_align=\u00a0\u00bbcenter\u00a0\u00bb top_padding=\u00a0\u00bb40&Prime; bottom_padding=\u00a0\u00bb20&Prime; bg_position=\u00a0\u00bbleft top\u00a0\u00bb][vc_column animation=\u00a0\u00bbfade-in\u00a0\u00bb width=\u00a0\u00bb1\/1&Prime;]<h3 class=\"headline font-inherit fontsize-xxl fontweight-400 lh-inherit align-center transform-uppercase \" style=\"margin: 0 0 20px 0;\">Nos <strong>clients<\/strong><\/h3><div class=\"headline font-inherit fontsize-m fontweight-300 lh-inherit align-center transform-inherit \" style=\"margin: 0 0 40px 0; color: #999999;\">Avec des clients satisfaits venant m\u00eame des secteurs de march\u00e9 B2B les plus exigeants et difficiles, nous pouvons dire que <span style=\"color: #ffffff;\"><strong>nous FAISONS du marketing.<\/strong><\/span><\/div>[\/vc_column][\/vc_row][vc_row bg_color=\u00a0\u00bb#006f79&Prime; text_color=\u00a0\u00bblight\u00a0\u00bb top_padding=\u00a0\u00bb40&Prime; bottom_padding=\u00a0\u00bb0&Prime;][vc_column animation=\u00a0\u00bbfade-in\u00a0\u00bb width=\u00a0\u00bb1\/1&Prime;]<div class=\"minti_carousel  grab-true dots\" data-columns=\"5\" data-tabletcolumns=\"3\" data-nav=\"false\" data-pagination=\"false\" data-autoplay=\"true\" data-animationtime=\"2000\"><div class=\"single_image wpb_content_element align-center   image_zoomout \" data-animation=\"none\" data-delay=\"0\"><img loading=\"lazy\" decoding=\"async\" width=\"200\" height=\"100\" src=\"https:\/\/burqundi.ro\/wp-content\/uploads\/2015\/02\/fortex_logo_white.png\" class=\"attachment-full\" alt=\"\" title=\"fortex_logo_white\" \/><span class=\"single_image_caption\">Fortex International<\/span><\/div><div class=\"single_image wpb_content_element align-center   image_zoomout \" data-animation=\"none\" data-delay=\"0\"><img loading=\"lazy\" decoding=\"async\" width=\"200\" height=\"100\" src=\"https:\/\/burqundi.ro\/wp-content\/uploads\/2015\/02\/maguay_logo_white.png\" class=\"attachment-full\" alt=\"\" title=\"maguay_logo_white\" \/><span class=\"single_image_caption\">Maguay - Knowlege as a Service<\/span><\/div><div class=\"single_image wpb_content_element align-center   image_zoomout \" data-animation=\"none\" data-delay=\"0\"><img loading=\"lazy\" decoding=\"async\" width=\"200\" height=\"100\" src=\"https:\/\/burqundi.ro\/wp-content\/uploads\/2015\/02\/bogasiu_si_asociatii_logo_white.png\" class=\"attachment-full\" alt=\"\" title=\"bogasiu_si_asociatii_logo_white\" \/><span class=\"single_image_caption\">Bogasiu &amp; Asocia\u021bii<\/span><\/div><div class=\"single_image wpb_content_element align-center   image_zoomout \" data-animation=\"none\" data-delay=\"0\"><img loading=\"lazy\" decoding=\"async\" width=\"200\" height=\"100\" src=\"https:\/\/burqundi.ro\/wp-content\/uploads\/2015\/02\/itrack_logo_white.png\" class=\"attachment-full\" alt=\"\" title=\"itrack_logo_white\" \/><span class=\"single_image_caption\">iTrack - Advanced Fleet Management Solutions<\/span><\/div><div class=\"single_image wpb_content_element align-center   image_zoomout \" data-animation=\"none\" data-delay=\"0\"><img loading=\"lazy\" decoding=\"async\" width=\"200\" height=\"100\" src=\"https:\/\/burqundi.ro\/wp-content\/uploads\/2015\/02\/carlsberg_logo_white.png\" class=\"attachment-full\" alt=\"\" title=\"carlsberg_logo_white\" \/><span class=\"single_image_caption\">Carlsberg<\/span><\/div><div class=\"single_image wpb_content_element align-center   image_zoomout \" data-animation=\"none\" data-delay=\"0\"><img loading=\"lazy\" decoding=\"async\" width=\"200\" height=\"100\" src=\"https:\/\/burqundi.ro\/wp-content\/uploads\/2015\/02\/phoenix-it-logo-white.png\" class=\"attachment-full\" alt=\"\" title=\"phoenix-it-logo-white\" \/><span class=\"single_image_caption\">Phoenix IT - Providing Tech Intelligence<\/span><\/div><div class=\"single_image wpb_content_element align-center   image_zoomout \" data-animation=\"none\" data-delay=\"0\"><img loading=\"lazy\" decoding=\"async\" width=\"200\" height=\"100\" src=\"https:\/\/burqundi.ro\/wp-content\/uploads\/2015\/02\/tuborg_logo_white.png\" class=\"attachment-full\" alt=\"\" title=\"tuborg_logo_white\" \/><span class=\"single_image_caption\">Tuborg<\/span><\/div><\/div>[\/vc_column][\/vc_row][vc_row top_padding=\u00a0\u00bb60&Prime; bottom_padding=\u00a0\u00bb60&Prime; row_id=\u00a0\u00bbintro\u00a0\u00bb bg_position=\u00a0\u00bbleft top\u00a0\u00bb][vc_column animation=\u00a0\u00bbfade-in\u00a0\u00bb width=\u00a0\u00bb1\/1&Prime;]<h2 class=\"headline font-inherit fontsize-xxl fontweight-400 lh-inherit align-center transform-uppercase \" style=\"margin: 0 0 20px 0;\">Pourquoi <strong>nous<\/strong> choisir?<\/h2><div class=\"headline font-inherit fontsize-m fontweight-300 lh-inherit align-center transform-inherit \" style=\"margin: 0 0 40px 0; color: #999999;\">Nous utiliserons l&rsquo;exp\u00e9rience acquise dans plus de 12 ans d&rsquo;activit\u00e9 pour renforcer votre identit\u00e9 digitale et coordonner avec succ\u00e8s vos campagnes de marketing. L&rsquo;externalisation de votre service marketing \u00e0 nous permettra d&rsquo;accro\u00eetre les performances sans augmenter les co\u00fbts &#8211; nous pouvons concevoir et livrer le plan de marketing que vous avez toujours voulu, mettant \u00e0 votre disposition la connaissance et l&rsquo;exp\u00e9rience des meilleurs sp\u00e9cialistes, au meilleur prix.<\/div>[\/vc_column][\/vc_row][vc_row type=\u00a0\u00bbfull_width_section\u00a0\u00bb text_align=\u00a0\u00bbcenter\u00a0\u00bb bg_position=\u00a0\u00bbleft top\u00a0\u00bb][vc_column animation=\u00a0\u00bbfade-in-from-bottom\u00a0\u00bb width=\u00a0\u00bb1\/1&Prime;]<div class=\"callout clearfix\" style=\"background-color:#006f79; color:#ffffff;\">\n\t\t<div class=\"callout-text\">Voulez-vous travailler avec nous et \u00eatre pr\u00e9sent\u00e9 sur notre liste de clients satisfaits?<\/div>\n\t\t\t<div class=\"callout-button\"><a class=\"button medium color-8\" href=\"\/fr\/demander-une-offre\" target=\"_blank\">Contactez-nous maintenant!<\/a><\/div>\n\t\t<\/div>[\/vc_column][\/vc_row][vc_row text_align=\u00a0\u00bbcenter\u00a0\u00bb top_padding=\u00a0\u00bb60&Prime; bottom_padding=\u00a0\u00bb60&Prime; bg_position=\u00a0\u00bbleft top\u00a0\u00bb][vc_column animation=\u00a0\u00bbfade-in-from-bottom\u00a0\u00bb width=\u00a0\u00bb1\/1&Prime;][vc_column_text]<div class=\"social-icon social-big\"><a href=\"https:\/\/facebook.com\/Burqundi\" target=\"_blank\" title=\"\"><i class=\"fa fa-facebook\"><\/i><\/a><\/div><div class=\"social-icon social-big\"><a href=\"https:\/\/twitter.com\/Burqundi\" target=\"_blank\" title=\"\"><i class=\"fa fa-twitter\"><\/i><\/a><\/div><div class=\"clear\"><\/div><div class=\"spacer\" style=\"height: 20px;\"><\/div>\n\u00a9 2012-2020 <strong>Burqundi &#8211; The Digital Marketing Agency<\/strong>. Tous les droits sont r\u00e9serv\u00e9s.[\/vc_column_text][\/vc_column][\/vc_row]<\/p>\n<\/div>","protected":false},"excerpt":{"rendered":"<p>[vc_row bg_image=\u00a0\u00bb16275&Prime; parallax_bg=\u00a0\u00bbtrue\u00a0\u00bb bg_color=\u00a0\u00bb#eaeaec\u00a0\u00bb text_color=\u00a0\u00bblight\u00a0\u00bb text_align=\u00a0\u00bbcenter\u00a0\u00bb full_height=\u00a0\u00bbtrue\u00a0\u00bb video_bg_url=\u00a0\u00bb#\u00a0\u00bb video_bg_parallax=\u00a0\u00bbcontent-moving\u00a0\u00bb bg_position=\u00a0\u00bbcenter top\u00a0\u00bb][vc_column animation=\u00a0\u00bbfade-in-from-top\u00a0\u00bb width=\u00a0\u00bb1\/1&Prime;][\/vc_column][\/vc_row][vc_row top_padding=\u00a0\u00bb60&Prime; bottom_padding=\u00a0\u00bb60&Prime; row_id=\u00a0\u00bbintro\u00a0\u00bb bg_position=\u00a0\u00bbleft top\u00a0\u00bb][vc_column animation=\u00a0\u00bbfade-in\u00a0\u00bb width=\u00a0\u00bb1\/1&Prime;][\/vc_column][\/vc_row][vc_row bg_color=\u00a0\u00bb#333333&Prime; text_color=\u00a0\u00bblight\u00a0\u00bb text_align=\u00a0\u00bbcenter\u00a0\u00bb top_padding=\u00a0\u00bb40&Prime; bottom_padding=\u00a0\u00bb20&Prime; bg_position=\u00a0\u00bbleft top\u00a0\u00bb][vc_column animation=\u00a0\u00bbfade-in\u00a0\u00bb width=\u00a0\u00bb1\/1&Prime;][\/vc_column][\/vc_row][vc_row bg_color=\u00a0\u00bb#006f79&Prime; text_color=\u00a0\u00bblight\u00a0\u00bb top_padding=\u00a0\u00bb40&Prime; bottom_padding=\u00a0\u00bb0&Prime;][vc_column animation=\u00a0\u00bbfade-in\u00a0\u00bb width=\u00a0\u00bb1\/1&Prime;][\/vc_column][\/vc_row][vc_row top_padding=\u00a0\u00bb60&Prime; bottom_padding=\u00a0\u00bb60&Prime; row_id=\u00a0\u00bbintro\u00a0\u00bb bg_position=\u00a0\u00bbleft top\u00a0\u00bb][vc_column animation=\u00a0\u00bbfade-in\u00a0\u00bb width=\u00a0\u00bb1\/1&Prime;][\/vc_column][\/vc_row][vc_row type=\u00a0\u00bbfull_width_section\u00a0\u00bb text_align=\u00a0\u00bbcenter\u00a0\u00bb bg_position=\u00a0\u00bbleft top\u00a0\u00bb][vc_column animation=\u00a0\u00bbfade-in-from-bottom\u00a0\u00bb width=\u00a0\u00bb1\/1&Prime;][\/vc_column][\/vc_row][vc_row text_align=\u00a0\u00bbcenter\u00a0\u00bb top_padding=\u00a0\u00bb60&Prime; bottom_padding=\u00a0\u00bb60&Prime; bg_position=\u00a0\u00bbleft top\u00a0\u00bb][vc_column animation=\u00a0\u00bbfade-in-from-bottom\u00a0\u00bb width=\u00a0\u00bb1\/1&Prime;][vc_column_text] \u00a9 2012-2020 Burqundi &#8211; The Digital Marketing Agency. Tous les droits sont r\u00e9serv\u00e9s.[\/vc_column_text][\/vc_column][\/vc_row]<\/p>\n","protected":false},"author":1,"featured_media":15957,"parent":0,"menu_order":0,"comment_status":"open","ping_status":"closed","template":"","meta":{"_exactmetrics_skip_tracking":false,"_exactmetrics_sitenote_active":false,"_exactmetrics_sitenote_note":"","_exactmetrics_sitenote_category":0,"footnotes":""},"class_list":["post-15984","page","type-page","status-publish","has-post-thumbnail","hentry"],"yoast_head":"<!-- This site is optimized with the Yoast SEO plugin v27.1.1 - https:\/\/yoast.com\/product\/yoast-seo-wordpress\/ -->\n<title>Burqundi - The Digital Marketing Agency<\/title>\n<meta name=\"description\" content=\"Burqundi est une agence sp\u00e9cialis\u00e9e en marketing digital - nous mettons toutes les nouvelles technologies \u00e0 votre service, avec un maximum d&#039;efficacit\u00e9.\" \/>\n<meta name=\"robots\" content=\"noindex, follow, max-snippet:-1, max-image-preview:large, max-video-preview:-1\" \/>\n<meta property=\"og:locale\" content=\"fr_FR\" \/>\n<meta property=\"og:type\" content=\"article\" \/>\n<meta property=\"og:title\" content=\"Burqundi - The Digital Marketing Agency\" \/>\n<meta property=\"og:description\" content=\"Burqundi est une agence sp\u00e9cialis\u00e9e en marketing digital - nous mettons toutes les nouvelles technologies \u00e0 votre service, avec un maximum d&#039;efficacit\u00e9.\" \/>\n<meta property=\"og:url\" content=\"https:\/\/burqundi.ro\/fr\/\" \/>\n<meta property=\"og:site_name\" content=\"Burqundi\" \/>\n<meta property=\"article:modified_time\" content=\"2020-06-21T18:42:47+00:00\" \/>\n<meta property=\"og:image\" content=\"https:\/\/burqundi.ro\/wp-content\/uploads\/2015\/02\/12371255_478517405606780_3759626146109905758_o.png\" \/>\n\t<meta property=\"og:image:width\" content=\"1600\" \/>\n\t<meta property=\"og:image:height\" content=\"1600\" \/>\n\t<meta property=\"og:image:type\" content=\"image\/png\" \/>\n<meta name=\"twitter:card\" content=\"summary_large_image\" \/>\n<meta name=\"twitter:label1\" content=\"Dur\u00e9e de lecture estim\u00e9e\" \/>\n\t<meta name=\"twitter:data1\" content=\"3 minutes\" \/>\n<script type=\"application\/ld+json\" class=\"yoast-schema-graph\">{\"@context\":\"https:\/\/schema.org\",\"@graph\":[{\"@type\":\"WebPage\",\"@id\":\"https:\/\/burqundi.ro\/fr\/\",\"url\":\"https:\/\/burqundi.ro\/fr\/\",\"name\":\"Burqundi - The Digital Marketing Agency\",\"isPartOf\":{\"@id\":\"https:\/\/burqundi.ro\/fr\/#website\"},\"primaryImageOfPage\":{\"@id\":\"https:\/\/burqundi.ro\/fr\/#primaryimage\"},\"image\":{\"@id\":\"https:\/\/burqundi.ro\/fr\/#primaryimage\"},\"thumbnailUrl\":\"https:\/\/burqundi.ro\/wp-content\/uploads\/2015\/02\/12371255_478517405606780_3759626146109905758_o.png\",\"datePublished\":\"2015-02-19T21:17:31+00:00\",\"dateModified\":\"2020-06-21T18:42:47+00:00\",\"description\":\"Burqundi est une agence sp\u00e9cialis\u00e9e en marketing digital - nous mettons toutes les nouvelles technologies \u00e0 votre service, avec un maximum d'efficacit\u00e9.\",\"breadcrumb\":{\"@id\":\"https:\/\/burqundi.ro\/fr\/#breadcrumb\"},\"inLanguage\":\"fr-FR\",\"potentialAction\":[{\"@type\":\"ReadAction\",\"target\":[\"https:\/\/burqundi.ro\/fr\/\"]}]},{\"@type\":\"ImageObject\",\"inLanguage\":\"fr-FR\",\"@id\":\"https:\/\/burqundi.ro\/fr\/#primaryimage\",\"url\":\"https:\/\/burqundi.ro\/wp-content\/uploads\/2015\/02\/12371255_478517405606780_3759626146109905758_o.png\",\"contentUrl\":\"https:\/\/burqundi.ro\/wp-content\/uploads\/2015\/02\/12371255_478517405606780_3759626146109905758_o.png\",\"width\":1600,\"height\":1600,\"caption\":\"Burqundi - The Digital Marketing Agency\"},{\"@type\":\"BreadcrumbList\",\"@id\":\"https:\/\/burqundi.ro\/fr\/#breadcrumb\",\"itemListElement\":[{\"@type\":\"ListItem\",\"position\":1,\"name\":\"Home\",\"item\":\"https:\/\/burqundi.ro\/fr\/\"},{\"@type\":\"ListItem\",\"position\":2,\"name\":\"Burqundi &#8211; The Digital Marketing Agency\"}]},{\"@type\":\"WebSite\",\"@id\":\"https:\/\/burqundi.ro\/fr\/#website\",\"url\":\"https:\/\/burqundi.ro\/fr\/\",\"name\":\"Burqundi\",\"description\":\"The Digital Marketing Agency\",\"potentialAction\":[{\"@type\":\"SearchAction\",\"target\":{\"@type\":\"EntryPoint\",\"urlTemplate\":\"https:\/\/burqundi.ro\/fr\/?s={search_term_string}\"},\"query-input\":{\"@type\":\"PropertyValueSpecification\",\"valueRequired\":true,\"valueName\":\"search_term_string\"}}],\"inLanguage\":\"fr-FR\"}]}<\/script>\n<!-- \/ Yoast SEO plugin. -->","yoast_head_json":{"title":"Burqundi - The Digital Marketing Agency","description":"Burqundi est une agence sp\u00e9cialis\u00e9e en marketing digital - nous mettons toutes les nouvelles technologies \u00e0 votre service, avec un maximum d'efficacit\u00e9.","robots":{"index":"noindex","follow":"follow","max-snippet":"max-snippet:-1","max-image-preview":"max-image-preview:large","max-video-preview":"max-video-preview:-1"},"og_locale":"fr_FR","og_type":"article","og_title":"Burqundi - The Digital Marketing Agency","og_description":"Burqundi est une agence sp\u00e9cialis\u00e9e en marketing digital - nous mettons toutes les nouvelles technologies \u00e0 votre service, avec un maximum d'efficacit\u00e9.","og_url":"https:\/\/burqundi.ro\/fr\/","og_site_name":"Burqundi","article_modified_time":"2020-06-21T18:42:47+00:00","og_image":[{"width":1600,"height":1600,"url":"https:\/\/burqundi.ro\/wp-content\/uploads\/2015\/02\/12371255_478517405606780_3759626146109905758_o.png","type":"image\/png"}],"twitter_card":"summary_large_image","twitter_misc":{"Dur\u00e9e de lecture estim\u00e9e":"3 minutes"},"schema":{"@context":"https:\/\/schema.org","@graph":[{"@type":"WebPage","@id":"https:\/\/burqundi.ro\/fr\/","url":"https:\/\/burqundi.ro\/fr\/","name":"Burqundi - The Digital Marketing Agency","isPartOf":{"@id":"https:\/\/burqundi.ro\/fr\/#website"},"primaryImageOfPage":{"@id":"https:\/\/burqundi.ro\/fr\/#primaryimage"},"image":{"@id":"https:\/\/burqundi.ro\/fr\/#primaryimage"},"thumbnailUrl":"https:\/\/burqundi.ro\/wp-content\/uploads\/2015\/02\/12371255_478517405606780_3759626146109905758_o.png","datePublished":"2015-02-19T21:17:31+00:00","dateModified":"2020-06-21T18:42:47+00:00","description":"Burqundi est une agence sp\u00e9cialis\u00e9e en marketing digital - nous mettons toutes les nouvelles technologies \u00e0 votre service, avec un maximum d'efficacit\u00e9.","breadcrumb":{"@id":"https:\/\/burqundi.ro\/fr\/#breadcrumb"},"inLanguage":"fr-FR","potentialAction":[{"@type":"ReadAction","target":["https:\/\/burqundi.ro\/fr\/"]}]},{"@type":"ImageObject","inLanguage":"fr-FR","@id":"https:\/\/burqundi.ro\/fr\/#primaryimage","url":"https:\/\/burqundi.ro\/wp-content\/uploads\/2015\/02\/12371255_478517405606780_3759626146109905758_o.png","contentUrl":"https:\/\/burqundi.ro\/wp-content\/uploads\/2015\/02\/12371255_478517405606780_3759626146109905758_o.png","width":1600,"height":1600,"caption":"Burqundi - The Digital Marketing Agency"},{"@type":"BreadcrumbList","@id":"https:\/\/burqundi.ro\/fr\/#breadcrumb","itemListElement":[{"@type":"ListItem","position":1,"name":"Home","item":"https:\/\/burqundi.ro\/fr\/"},{"@type":"ListItem","position":2,"name":"Burqundi &#8211; The Digital Marketing Agency"}]},{"@type":"WebSite","@id":"https:\/\/burqundi.ro\/fr\/#website","url":"https:\/\/burqundi.ro\/fr\/","name":"Burqundi","description":"The Digital Marketing Agency","potentialAction":[{"@type":"SearchAction","target":{"@type":"EntryPoint","urlTemplate":"https:\/\/burqundi.ro\/fr\/?s={search_term_string}"},"query-input":{"@type":"PropertyValueSpecification","valueRequired":true,"valueName":"search_term_string"}}],"inLanguage":"fr-FR"}]}},"_links":{"self":[{"href":"https:\/\/burqundi.ro\/fr\/wp-json\/wp\/v2\/pages\/15984","targetHints":{"allow":["GET"]}}],"collection":[{"href":"https:\/\/burqundi.ro\/fr\/wp-json\/wp\/v2\/pages"}],"about":[{"href":"https:\/\/burqundi.ro\/fr\/wp-json\/wp\/v2\/types\/page"}],"author":[{"embeddable":true,"href":"https:\/\/burqundi.ro\/fr\/wp-json\/wp\/v2\/users\/1"}],"replies":[{"embeddable":true,"href":"https:\/\/burqundi.ro\/fr\/wp-json\/wp\/v2\/comments?post=15984"}],"version-history":[{"count":11,"href":"https:\/\/burqundi.ro\/fr\/wp-json\/wp\/v2\/pages\/15984\/revisions"}],"predecessor-version":[{"id":16302,"href":"https:\/\/burqundi.ro\/fr\/wp-json\/wp\/v2\/pages\/15984\/revisions\/16302"}],"wp:featuredmedia":[{"embeddable":true,"href":"https:\/\/burqundi.ro\/fr\/wp-json\/wp\/v2\/media\/15957"}],"wp:attachment":[{"href":"https:\/\/burqundi.ro\/fr\/wp-json\/wp\/v2\/media?parent=15984"}],"curies":[{"name":"wp","href":"https:\/\/api.w.org\/{rel}","templated":true}]}}