{"id":15991,"date":"2015-02-19T21:25:05","date_gmt":"2015-02-19T21:25:05","guid":{"rendered":"https:\/\/burqundi.com\/request-offer\/"},"modified":"2020-06-21T18:47:26","modified_gmt":"2020-06-21T18:47:26","slug":"demander-une-offre","status":"publish","type":"page","link":"https:\/\/burqundi.ro\/fr\/demander-une-offre\/","title":{"rendered":"Demander Une Offre"},"content":{"rendered":"<div class=\"wpb-content-wrapper\"><p>[vc_row top_padding=\u00a0\u00bb40&Prime; bottom_padding=\u00a0\u00bb20&Prime; row_id=\u00a0\u00bbservices\u00a0\u00bb bg_position=\u00a0\u00bbleft top\u00a0\u00bb][vc_column animation=\u00a0\u00bbfade-in\u00a0\u00bb width=\u00a0\u00bb1\/1&Prime;]<h1 class=\"headline font-inherit fontsize-xxl fontweight-300 lh-inherit align-center transform-uppercase \" style=\"margin: 0 0 20px 0;\">Travaillons <strong> ensemble!<\/strong><\/h1><div class=\"headline font-inherit fontsize-m fontweight-300 lh-inherit align-center transform-inherit \" style=\"margin: 0 0 60px 0; color: #999999;\">Votre date limite \u00e9tait hier? Dis nous ce que vous voulez et nous vous dirons ce dont vous avez besoin et comment pouvons-nous le faire ensemble.<\/div>\n<div class=\"wpcf7 no-js\" id=\"wpcf7-f16025-o1\" lang=\"en-US\" dir=\"ltr\" data-wpcf7-id=\"16025\">\n<div class=\"screen-reader-response\"><p role=\"status\" aria-live=\"polite\" aria-atomic=\"true\"><\/p> <ul><\/ul><\/div>\n<form action=\"\/fr\/wp-json\/wp\/v2\/pages\/15991#wpcf7-f16025-o1\" method=\"post\" class=\"wpcf7-form init\" aria-label=\"Contact form\" novalidate=\"novalidate\" data-status=\"init\">\n<fieldset class=\"hidden-fields-container\"><input type=\"hidden\" name=\"_wpcf7\" value=\"16025\" \/><input type=\"hidden\" name=\"_wpcf7_version\" value=\"6.1.5\" \/><input type=\"hidden\" name=\"_wpcf7_locale\" value=\"en_US\" \/><input type=\"hidden\" name=\"_wpcf7_unit_tag\" value=\"wpcf7-f16025-o1\" \/><input type=\"hidden\" name=\"_wpcf7_container_post\" value=\"0\" \/><input type=\"hidden\" name=\"_wpcf7_posted_data_hash\" value=\"\" \/><input type=\"hidden\" name=\"_wpcf7_recaptcha_response\" value=\"\" \/>\n<\/fieldset>\n<div class=\"box style-3 wpb_content_element\">\n\t<p>Votre Nom\n\t<\/p>\n\t<p><span class=\"wpcf7-form-control-wrap\" data-name=\"your-name\"><input size=\"40\" maxlength=\"400\" class=\"wpcf7-form-control wpcf7-text wpcf7-validates-as-required\" aria-required=\"true\" aria-invalid=\"false\" value=\"\" type=\"text\" name=\"your-name\" \/><\/span>\n\t<\/p>\n\t<p>Adresse E-mail\n\t<\/p>\n\t<p><span class=\"wpcf7-form-control-wrap\" data-name=\"your-email\"><input size=\"40\" maxlength=\"400\" class=\"wpcf7-form-control wpcf7-email wpcf7-validates-as-required wpcf7-text wpcf7-validates-as-email\" aria-required=\"true\" aria-invalid=\"false\" value=\"\" type=\"email\" name=\"your-email\" \/><\/span>\n\t<\/p>\n\t<p>Num\u00e9ro de T\u00e9l\u00e9phone\n\t<\/p>\n\t<p><span class=\"wpcf7-form-control-wrap\" data-name=\"phone\"><input size=\"40\" maxlength=\"400\" class=\"wpcf7-form-control wpcf7-text wpcf7-validates-as-required\" aria-required=\"true\" aria-invalid=\"false\" value=\"\" type=\"text\" name=\"phone\" \/><\/span>\n\t<\/p>\n\t<p>Votre Entreprise\n\t<\/p>\n\t<p><span class=\"wpcf7-form-control-wrap\" data-name=\"company\"><input size=\"40\" maxlength=\"400\" class=\"wpcf7-form-control wpcf7-text wpcf7-validates-as-required\" aria-required=\"true\" aria-invalid=\"false\" value=\"\" type=\"text\" name=\"company\" \/><\/span>\n\t<\/p>\n\t<p>Ville\n\t<\/p>\n\t<p><span class=\"wpcf7-form-control-wrap\" data-name=\"city\"><input size=\"40\" maxlength=\"400\" class=\"wpcf7-form-control wpcf7-text wpcf7-validates-as-required\" aria-required=\"true\" aria-invalid=\"false\" value=\"\" type=\"text\" name=\"city\" \/><\/span>\n\t<\/p>\n<\/div>\n<div class=\"box style-3 wpb_content_element\">\n\t<p>Votre Site Web\n\t<\/p>\n\t<p><span class=\"wpcf7-form-control-wrap\" data-name=\"website\"><input size=\"40\" maxlength=\"400\" class=\"wpcf7-form-control wpcf7-text wpcf7-validates-as-required\" aria-required=\"true\" aria-invalid=\"false\" value=\"\" type=\"text\" name=\"website\" \/><\/span>\n\t<\/p>\n\t<p>Services\n\t<\/p>\n\t<p><span class=\"wpcf7-form-control-wrap\" data-name=\"checkbox-393\"><span class=\"wpcf7-form-control wpcf7-checkbox\"><span class=\"wpcf7-list-item first\"><label><input type=\"checkbox\" name=\"checkbox-393[]\" value=\"Strat\u00e9gie de Marketing\" \/><span class=\"wpcf7-list-item-label\">Strat\u00e9gie de Marketing<\/span><\/label><\/span><span class=\"wpcf7-list-item\"><label><input type=\"checkbox\" name=\"checkbox-393[]\" value=\"Marketing Digital\" \/><span class=\"wpcf7-list-item-label\">Marketing Digital<\/span><\/label><\/span><span class=\"wpcf7-list-item\"><label><input type=\"checkbox\" name=\"checkbox-393[]\" value=\"L&#039;image de Marque et \/ ou Conception\" \/><span class=\"wpcf7-list-item-label\">L&#039;image de Marque et \/ ou Conception<\/span><\/label><\/span><span class=\"wpcf7-list-item\"><label><input type=\"checkbox\" name=\"checkbox-393[]\" value=\"Mesures et Analyses\" \/><span class=\"wpcf7-list-item-label\">Mesures et Analyses<\/span><\/label><\/span><span class=\"wpcf7-list-item\"><label><input type=\"checkbox\" name=\"checkbox-393[]\" value=\"Services Photo et Vid\u00e9o\" \/><span class=\"wpcf7-list-item-label\">Services Photo et Vid\u00e9o<\/span><\/label><\/span><span class=\"wpcf7-list-item\"><label><input type=\"checkbox\" name=\"checkbox-393[]\" value=\"Localisation de Contenu\" \/><span class=\"wpcf7-list-item-label\">Localisation de Contenu<\/span><\/label><\/span><span class=\"wpcf7-list-item\"><label><input type=\"checkbox\" name=\"checkbox-393[]\" value=\"D\u00e9veloppement Web et Services Connexes\" \/><span class=\"wpcf7-list-item-label\">D\u00e9veloppement Web et Services Connexes<\/span><\/label><\/span><span class=\"wpcf7-list-item last\"><label><input type=\"checkbox\" name=\"checkbox-393[]\" value=\"Analyse et Conseil SEO\" \/><span class=\"wpcf7-list-item-label\">Analyse et Conseil SEO<\/span><\/label><\/span><\/span><\/span>\n\t<\/p>\n\t<p>Budget du Projet\n\t<\/p>\n\t<p><span class=\"wpcf7-form-control-wrap\" data-name=\"menu-278\"><select class=\"wpcf7-form-control wpcf7-select\" aria-invalid=\"false\" name=\"menu-278\"><option value=\"Moins que 1,000\">Moins que 1,000<\/option><option value=\"$1,000 - $5,000\">$1,000 - $5,000<\/option><option value=\"$5,000 - $15,000\">$5,000 - $15,000<\/option><option value=\"$15,000 - $50,000\">$15,000 - $50,000<\/option><option value=\"Inconnu\">Inconnu<\/option><\/select><\/span>\n\t<\/p>\n\t<p>Calendrier du Projet\n\t<\/p>\n\t<p><span class=\"wpcf7-form-control-wrap\" data-name=\"menu-615\"><select class=\"wpcf7-form-control wpcf7-select\" aria-invalid=\"false\" name=\"menu-615\"><option value=\"Extr\u00eamement Urgent\">Extr\u00eamement Urgent<\/option><option value=\"1-2 Semaines\">1-2 Semaines<\/option><option value=\"2-4 Semaines\">2-4 Semaines<\/option><option value=\"2 Mois\">2 Mois<\/option><option value=\"4 Mois\">4 Mois<\/option><option value=\"Pas de calendrier\">Pas de calendrier<\/option><\/select><\/span>\n\t<\/p>\n<\/div>\n<div class=\"box style-3 wpb_content_element\">\n\t<p>Description du Projet\n\t<\/p>\n\t<p><span class=\"wpcf7-form-control-wrap\" data-name=\"your-message\"><textarea cols=\"40\" rows=\"10\" maxlength=\"2000\" class=\"wpcf7-form-control wpcf7-textarea\" aria-invalid=\"false\" name=\"your-message\"><\/textarea><\/span>\n\t<\/p>\n<\/div>\n<p>\n\n<\/p>\n<p><input class=\"wpcf7-form-control wpcf7-submit has-spinner\" type=\"submit\" value=\"Demander Une Offre\" \/>\n<\/p><p style=\"display: none !important;\" class=\"akismet-fields-container\" data-prefix=\"_wpcf7_ak_\"><label>&#916;<textarea name=\"_wpcf7_ak_hp_textarea\" cols=\"45\" rows=\"8\" maxlength=\"100\"><\/textarea><\/label><input type=\"hidden\" id=\"ak_js_1\" name=\"_wpcf7_ak_js\" value=\"93\"\/><script>document.getElementById( \"ak_js_1\" ).setAttribute( \"value\", ( new Date() ).getTime() );<\/script><\/p><div class=\"wpcf7-response-output\" aria-hidden=\"true\"><\/div>\n<\/form>\n<\/div>\n[\/vc_column][\/vc_row][vc_row text_align=\u00a0\u00bbcenter\u00a0\u00bb bottom_padding=\u00a0\u00bb60&Prime; bg_position=\u00a0\u00bbleft top\u00a0\u00bb][vc_column animation=\u00a0\u00bbfade-in-from-bottom\u00a0\u00bb width=\u00a0\u00bb1\/1&Prime;][vc_column_text]<div class=\"social-icon social-big\"><a href=\"https:\/\/facebook.com\/Burqundi\" target=\"_blank\" title=\"\"><i class=\"fa fa-facebook\"><\/i><\/a><\/div><div class=\"social-icon social-big\"><a href=\"https:\/\/twitter.com\/Burqundi\" target=\"_blank\" title=\"\"><i class=\"fa fa-twitter\"><\/i><\/a><\/div><div class=\"clear\"><\/div><div class=\"spacer\" style=\"height: 20px;\"><\/div>\n\u00a9 2012-2020 <strong>Burqundi &#8211; The Digital Marketing Agency<\/strong>. Tous les droits sont r\u00e9serv\u00e9s.[\/vc_column_text][\/vc_column][\/vc_row]<\/p>\n<\/div>","protected":false},"excerpt":{"rendered":"<p>[vc_row top_padding=\u00a0\u00bb40&Prime; bottom_padding=\u00a0\u00bb20&Prime; row_id=\u00a0\u00bbservices\u00a0\u00bb bg_position=\u00a0\u00bbleft top\u00a0\u00bb][vc_column animation=\u00a0\u00bbfade-in\u00a0\u00bb width=\u00a0\u00bb1\/1&Prime;][\/vc_column][\/vc_row][vc_row text_align=\u00a0\u00bbcenter\u00a0\u00bb bottom_padding=\u00a0\u00bb60&Prime; bg_position=\u00a0\u00bbleft top\u00a0\u00bb][vc_column animation=\u00a0\u00bbfade-in-from-bottom\u00a0\u00bb width=\u00a0\u00bb1\/1&Prime;][vc_column_text] \u00a9 2012-2020 Burqundi &#8211; The Digital Marketing Agency. Tous les droits sont r\u00e9serv\u00e9s.[\/vc_column_text][\/vc_column][\/vc_row]<\/p>\n","protected":false},"author":1,"featured_media":15957,"parent":0,"menu_order":0,"comment_status":"open","ping_status":"closed","template":"","meta":{"_exactmetrics_skip_tracking":false,"_exactmetrics_sitenote_active":false,"_exactmetrics_sitenote_note":"","_exactmetrics_sitenote_category":0,"footnotes":""},"class_list":["post-15991","page","type-page","status-publish","has-post-thumbnail","hentry"],"yoast_head":"<!-- This site is optimized with the Yoast SEO plugin v27.1.1 - https:\/\/yoast.com\/product\/yoast-seo-wordpress\/ -->\n<title>Demander Une Offre - Burqundi<\/title>\n<meta name=\"description\" content=\"Was your deadline yesterday? Tell us what you want and we will tell you what you need and how can we do it, together.\" \/>\n<meta name=\"robots\" content=\"noindex, follow, max-snippet:-1, max-image-preview:large, max-video-preview:-1\" \/>\n<meta property=\"og:locale\" content=\"fr_FR\" \/>\n<meta property=\"og:type\" content=\"article\" \/>\n<meta property=\"og:title\" content=\"Demander Une Offre - Burqundi\" \/>\n<meta property=\"og:description\" content=\"Was your deadline yesterday? Tell us what you want and we will tell you what you need and how can we do it, together.\" \/>\n<meta property=\"og:url\" content=\"https:\/\/burqundi.ro\/fr\/demander-une-offre\/\" \/>\n<meta property=\"og:site_name\" content=\"Burqundi\" \/>\n<meta property=\"article:modified_time\" content=\"2020-06-21T18:47:26+00:00\" \/>\n<meta property=\"og:image\" content=\"https:\/\/burqundi.ro\/wp-content\/uploads\/2015\/02\/12371255_478517405606780_3759626146109905758_o.png\" \/>\n\t<meta property=\"og:image:width\" content=\"1600\" \/>\n\t<meta property=\"og:image:height\" content=\"1600\" \/>\n\t<meta property=\"og:image:type\" content=\"image\/png\" \/>\n<meta name=\"twitter:card\" content=\"summary_large_image\" \/>\n<meta name=\"twitter:label1\" content=\"Dur\u00e9e de lecture estim\u00e9e\" \/>\n\t<meta name=\"twitter:data1\" content=\"1 minute\" \/>\n<script type=\"application\/ld+json\" class=\"yoast-schema-graph\">{\"@context\":\"https:\/\/schema.org\",\"@graph\":[{\"@type\":\"WebPage\",\"@id\":\"https:\/\/burqundi.ro\/fr\/demander-une-offre\/\",\"url\":\"https:\/\/burqundi.ro\/fr\/demander-une-offre\/\",\"name\":\"Demander Une Offre - Burqundi\",\"isPartOf\":{\"@id\":\"https:\/\/burqundi.ro\/fr\/#website\"},\"primaryImageOfPage\":{\"@id\":\"https:\/\/burqundi.ro\/fr\/demander-une-offre\/#primaryimage\"},\"image\":{\"@id\":\"https:\/\/burqundi.ro\/fr\/demander-une-offre\/#primaryimage\"},\"thumbnailUrl\":\"https:\/\/burqundi.ro\/wp-content\/uploads\/2015\/02\/12371255_478517405606780_3759626146109905758_o.png\",\"datePublished\":\"2015-02-19T21:25:05+00:00\",\"dateModified\":\"2020-06-21T18:47:26+00:00\",\"description\":\"Was your deadline yesterday? Tell us what you want and we will tell you what you need and how can we do it, together.\",\"breadcrumb\":{\"@id\":\"https:\/\/burqundi.ro\/fr\/demander-une-offre\/#breadcrumb\"},\"inLanguage\":\"fr-FR\",\"potentialAction\":[{\"@type\":\"ReadAction\",\"target\":[\"https:\/\/burqundi.ro\/fr\/demander-une-offre\/\"]}]},{\"@type\":\"ImageObject\",\"inLanguage\":\"fr-FR\",\"@id\":\"https:\/\/burqundi.ro\/fr\/demander-une-offre\/#primaryimage\",\"url\":\"https:\/\/burqundi.ro\/wp-content\/uploads\/2015\/02\/12371255_478517405606780_3759626146109905758_o.png\",\"contentUrl\":\"https:\/\/burqundi.ro\/wp-content\/uploads\/2015\/02\/12371255_478517405606780_3759626146109905758_o.png\",\"width\":1600,\"height\":1600,\"caption\":\"Burqundi - The Digital Marketing Agency\"},{\"@type\":\"BreadcrumbList\",\"@id\":\"https:\/\/burqundi.ro\/fr\/demander-une-offre\/#breadcrumb\",\"itemListElement\":[{\"@type\":\"ListItem\",\"position\":1,\"name\":\"Home\",\"item\":\"https:\/\/burqundi.ro\/fr\/\"},{\"@type\":\"ListItem\",\"position\":2,\"name\":\"Demander Une Offre\"}]},{\"@type\":\"WebSite\",\"@id\":\"https:\/\/burqundi.ro\/fr\/#website\",\"url\":\"https:\/\/burqundi.ro\/fr\/\",\"name\":\"Burqundi\",\"description\":\"The Digital Marketing Agency\",\"potentialAction\":[{\"@type\":\"SearchAction\",\"target\":{\"@type\":\"EntryPoint\",\"urlTemplate\":\"https:\/\/burqundi.ro\/fr\/?s={search_term_string}\"},\"query-input\":{\"@type\":\"PropertyValueSpecification\",\"valueRequired\":true,\"valueName\":\"search_term_string\"}}],\"inLanguage\":\"fr-FR\"}]}<\/script>\n<!-- \/ Yoast SEO plugin. -->","yoast_head_json":{"title":"Demander Une Offre - Burqundi","description":"Was your deadline yesterday? Tell us what you want and we will tell you what you need and how can we do it, together.","robots":{"index":"noindex","follow":"follow","max-snippet":"max-snippet:-1","max-image-preview":"max-image-preview:large","max-video-preview":"max-video-preview:-1"},"og_locale":"fr_FR","og_type":"article","og_title":"Demander Une Offre - Burqundi","og_description":"Was your deadline yesterday? Tell us what you want and we will tell you what you need and how can we do it, together.","og_url":"https:\/\/burqundi.ro\/fr\/demander-une-offre\/","og_site_name":"Burqundi","article_modified_time":"2020-06-21T18:47:26+00:00","og_image":[{"width":1600,"height":1600,"url":"https:\/\/burqundi.ro\/wp-content\/uploads\/2015\/02\/12371255_478517405606780_3759626146109905758_o.png","type":"image\/png"}],"twitter_card":"summary_large_image","twitter_misc":{"Dur\u00e9e de lecture estim\u00e9e":"1 minute"},"schema":{"@context":"https:\/\/schema.org","@graph":[{"@type":"WebPage","@id":"https:\/\/burqundi.ro\/fr\/demander-une-offre\/","url":"https:\/\/burqundi.ro\/fr\/demander-une-offre\/","name":"Demander Une Offre - Burqundi","isPartOf":{"@id":"https:\/\/burqundi.ro\/fr\/#website"},"primaryImageOfPage":{"@id":"https:\/\/burqundi.ro\/fr\/demander-une-offre\/#primaryimage"},"image":{"@id":"https:\/\/burqundi.ro\/fr\/demander-une-offre\/#primaryimage"},"thumbnailUrl":"https:\/\/burqundi.ro\/wp-content\/uploads\/2015\/02\/12371255_478517405606780_3759626146109905758_o.png","datePublished":"2015-02-19T21:25:05+00:00","dateModified":"2020-06-21T18:47:26+00:00","description":"Was your deadline yesterday? Tell us what you want and we will tell you what you need and how can we do it, together.","breadcrumb":{"@id":"https:\/\/burqundi.ro\/fr\/demander-une-offre\/#breadcrumb"},"inLanguage":"fr-FR","potentialAction":[{"@type":"ReadAction","target":["https:\/\/burqundi.ro\/fr\/demander-une-offre\/"]}]},{"@type":"ImageObject","inLanguage":"fr-FR","@id":"https:\/\/burqundi.ro\/fr\/demander-une-offre\/#primaryimage","url":"https:\/\/burqundi.ro\/wp-content\/uploads\/2015\/02\/12371255_478517405606780_3759626146109905758_o.png","contentUrl":"https:\/\/burqundi.ro\/wp-content\/uploads\/2015\/02\/12371255_478517405606780_3759626146109905758_o.png","width":1600,"height":1600,"caption":"Burqundi - The Digital Marketing Agency"},{"@type":"BreadcrumbList","@id":"https:\/\/burqundi.ro\/fr\/demander-une-offre\/#breadcrumb","itemListElement":[{"@type":"ListItem","position":1,"name":"Home","item":"https:\/\/burqundi.ro\/fr\/"},{"@type":"ListItem","position":2,"name":"Demander Une Offre"}]},{"@type":"WebSite","@id":"https:\/\/burqundi.ro\/fr\/#website","url":"https:\/\/burqundi.ro\/fr\/","name":"Burqundi","description":"The Digital Marketing Agency","potentialAction":[{"@type":"SearchAction","target":{"@type":"EntryPoint","urlTemplate":"https:\/\/burqundi.ro\/fr\/?s={search_term_string}"},"query-input":{"@type":"PropertyValueSpecification","valueRequired":true,"valueName":"search_term_string"}}],"inLanguage":"fr-FR"}]}},"_links":{"self":[{"href":"https:\/\/burqundi.ro\/fr\/wp-json\/wp\/v2\/pages\/15991","targetHints":{"allow":["GET"]}}],"collection":[{"href":"https:\/\/burqundi.ro\/fr\/wp-json\/wp\/v2\/pages"}],"about":[{"href":"https:\/\/burqundi.ro\/fr\/wp-json\/wp\/v2\/types\/page"}],"author":[{"embeddable":true,"href":"https:\/\/burqundi.ro\/fr\/wp-json\/wp\/v2\/users\/1"}],"replies":[{"embeddable":true,"href":"https:\/\/burqundi.ro\/fr\/wp-json\/wp\/v2\/comments?post=15991"}],"version-history":[{"count":5,"href":"https:\/\/burqundi.ro\/fr\/wp-json\/wp\/v2\/pages\/15991\/revisions"}],"predecessor-version":[{"id":16305,"href":"https:\/\/burqundi.ro\/fr\/wp-json\/wp\/v2\/pages\/15991\/revisions\/16305"}],"wp:featuredmedia":[{"embeddable":true,"href":"https:\/\/burqundi.ro\/fr\/wp-json\/wp\/v2\/media\/15957"}],"wp:attachment":[{"href":"https:\/\/burqundi.ro\/fr\/wp-json\/wp\/v2\/media?parent=15991"}],"curies":[{"name":"wp","href":"https:\/\/api.w.org\/{rel}","templated":true}]}}