{"id":16019,"date":"2015-01-06T16:48:30","date_gmt":"2015-01-06T16:48:30","guid":{"rendered":"https:\/\/burqundi.com\/services\/"},"modified":"2020-06-21T18:44:00","modified_gmt":"2020-06-21T18:44:00","slug":"services","status":"publish","type":"page","link":"https:\/\/burqundi.ro\/fr\/services\/","title":{"rendered":"Services"},"content":{"rendered":"<div class=\"wpb-content-wrapper\"><p>[vc_row bg_color=\u00a0\u00bb#006f79&Prime; top_padding=\u00a0\u00bb120&Prime; bottom_padding=\u00a0\u00bb80&Prime;][vc_column width=\u00a0\u00bb1\/1&Prime;]<h1 class=\"headline font-inherit fontsize-xxxxxl fontweight-300 lh-13 align-left transform-inherit \" style=\"margin: 0 0 40px 0; color: #ffffff;\">Nous combinons la technologie<br \/>\navec connaissance et art.<br \/>\nDans aucun ordre particulier.<\/h1><div class=\"headline font-inherit fontsize-l fontweight-400 lh-inherit align-left transform-inherit \" style=\"margin: 0; color: #f9f9f9;\">En utilisant les derni\u00e8res technologies pour les m\u00e9triques et les analyses,<br \/>\nnous vous proposons les campagnes de marketing digital les plus efficaces.<br \/>\nEt la cr\u00e9<strong>ART<\/strong>ivit\u00e9 est \u00e9galement dans notre ADN, mais nous ne nous enorg\u00e9rons pas.<br \/>\n<\/div>[\/vc_column][\/vc_row][vc_row top_padding=\u00a0\u00bb60&Prime; bottom_padding=\u00a0\u00bb60&Prime; row_id=\u00a0\u00bbservices\u00a0\u00bb bg_position=\u00a0\u00bbleft top\u00a0\u00bb][vc_column animation=\u00a0\u00bbfade-in\u00a0\u00bb width=\u00a0\u00bb1\/1&Prime;]<h3 class=\"headline font-inherit fontsize-xxl fontweight-300 lh-inherit align-center transform-uppercase \" style=\"margin: 0 0 20px 0;\">Nos <strong>services<\/strong><\/h3><h4 class=\"headline font-inherit fontsize-m fontweight-300 lh-inherit align-center transform-inherit \" style=\"margin: 0 0 40px 0; color: #999999;\">Nous suivons attentivement vos objectifs et nous d\u00e9veloppons des solutions claires pour les atteindre.<\/h4>[vc_row_inner][vc_column_inner width=\u00a0\u00bb1\/3&Prime;]<div class=\"iconbox  wpb_content_element iconbox-style-2 icon-color-accent color-dark clearfix\"><div class=\"iconbox-icon\"><i class=\"fa fa-group boxicon\" style=\"\"><\/i><\/div><div class=\"iconbox-content\"><h3>strat\u00e9gie de marketing<\/h3><p>Nous d\u00e9veloppons la strat\u00e9gie de marketing pour g\u00e9n\u00e9rer des revenus et des profits pour votre entreprise. Aucune strat\u00e9gie de marketing ne devrait \u00eatre appel\u00e9e strat\u00e9gie sans un plan solide et r\u00e9aliste, bas\u00e9 sur des nombres, pas des histoires.<\/p><\/div><\/div><div class=\"spacer\" style=\"height: 10px;\"><\/div><div class=\"iconbox  wpb_content_element iconbox-style-2 icon-color-accent color-dark clearfix\"><div class=\"iconbox-icon\"><i class=\"fa fa-line-chart boxicon\" style=\"\"><\/i><\/div><div class=\"iconbox-content\"><h3>m\u00e9triques et analyses<\/h3><p>Mesurer, optimiser, convertir, r\u00e9p\u00e9ter. La beaut\u00e9 du marketing num\u00e9rique est que tout peut \u00eatre mesur\u00e9. Mais devrait-il le faire? Notre d\u00e9veloppement et mesure KPI r\u00e9pond \u00e0 quoi, pourquoi et comment.<\/p><\/div><\/div>[\/vc_column_inner][vc_column_inner width=\u00a0\u00bb1\/3&Prime;]<div class=\"iconbox  wpb_content_element iconbox-style-2 icon-color-accent color-dark clearfix\"><div class=\"iconbox-icon\"><i class=\"fa fa-bar-chart-o boxicon\" style=\"\"><\/i><\/div><div class=\"iconbox-content\"><h3>marketing digital<\/h3><p>Marketing sans son extension digitale n&rsquo;est plus une option pour les entreprises modernes. Chaque entreprise devrait l&rsquo;utiliser &#8230; et nous savons vraiment comment pousser ces boutons. Quels boutons? Cliquez\u00a0<a href=\"https:\/\/burqundi.ro\/fr\/demander-une-offre\/\" target=\"_blank\" rel=\"noopener noreferrer\"><strong>ici<\/strong><\/a> pour en savoir plus.<\/p><\/div><\/div><div class=\"spacer\" style=\"height: 10px;\"><\/div><div class=\"iconbox  wpb_content_element iconbox-style-2 icon-color-accent color-dark clearfix\"><div class=\"iconbox-icon\"><i class=\"fa fa-camera-retro boxicon\" style=\"\"><\/i><\/div><div class=\"iconbox-content\"><h3>services de photo et vid\u00e9o<\/h3><p>Avec une \u00e9quipe d&rsquo;artistes digital exp\u00e9riment\u00e9s, nous remplissons notre portefeuille de marketing, fournissant des services photo \/ vid\u00e9o au plus haut niveau. Notre studio est capable de livrer des portraits commerciaux simples aux publicit\u00e9s t\u00e9l\u00e9vis\u00e9es.<\/p><\/div><\/div>[\/vc_column_inner][vc_column_inner width=\u00a0\u00bb1\/3&Prime;]<div class=\"iconbox  wpb_content_element iconbox-style-2 icon-color-accent color-dark clearfix\"><div class=\"iconbox-icon\"><i class=\"fa fa-image boxicon\" style=\"\"><\/i><\/div><div class=\"iconbox-content\"><h3>l&#039;image de marque et conception<\/h3><p>Le marketing est tactique. La marque est strat\u00e9gique. Branding rend les clients fid\u00e8les, les d\u00e9fenseurs, voire les \u00e9vang\u00e9listes, de ceux qui ach\u00e8tent. Nous les combinons donc avec une bonne conception et des visuels d\u00e9chirer, foutre une branl\u00e9e, pour un impact maximal.<\/p><\/div><\/div><div class=\"spacer\" style=\"height: 10px;\"><\/div><div class=\"iconbox  wpb_content_element iconbox-style-2 icon-color-accent color-dark clearfix\"><div class=\"iconbox-icon\"><i class=\"fa fa-language boxicon\" style=\"\"><\/i><\/div><div class=\"iconbox-content\"><h3>localisation de contenu<\/h3><p>La traduction consiste \u00e0 traverser la barri\u00e8re de la langue, alors que la localisation consiste \u00e0 traverser la barri\u00e8re culturelle. Nous offrons des services de localisation compl\u00e8te pour le contenu de marketing et vos besoins digitale.<\/p><\/div><\/div>[\/vc_column_inner][\/vc_row_inner][\/vc_column][\/vc_row][vc_row type=\u00a0\u00bbfull_width_section\u00a0\u00bb row_id=\u00a0\u00bbfeatures\u00a0\u00bb bg_position=\u00a0\u00bbleft top\u00a0\u00bb][vc_column animation=\u00a0\u00bbfade-in-from-left\u00a0\u00bb bg_color=\u00a0\u00bb#222222&Prime; column_padding=\u00a0\u00bbpadding-5&Prime; text_color=\u00a0\u00bbcustom\u00a0\u00bb custom_text_color=\u00a0\u00bb#44bdbd\u00a0\u00bb width=\u00a0\u00bb1\/2&Prime;]<h2 class=\"headline font-inherit fontsize-xxxxl fontweight-300 lh-12 align-left transform-inherit \" style=\"margin: 0; color: #006f79;\">D\u00c9VELOPPEMENT WEB <b>&#8230;ET AU-DEL\u00c0.<\/b><\/h2>[\/vc_column][vc_column animation=\u00a0\u00bbfade-in-from-right\u00a0\u00bb bg_color=\u00a0\u00bb#006f79&Prime; column_padding=\u00a0\u00bbpadding-5&Prime; column_center=\u00a0\u00bbtrue\u00a0\u00bb text_color=\u00a0\u00bblight\u00a0\u00bb width=\u00a0\u00bb1\/2&Prime;]<div class=\"headline font-inherit fontsize-m fontweight-300 lh-inherit align-center transform-inherit \" style=\"margin: 0 0 40px 0; color: #999999;\">\n<p style=\"text-align: justify;\">Nous travaillons avec les meilleures technologies et mettons en \u0153uvre en temps r\u00e9el les derni\u00e8res tendances. Nous parlons couramment dans le code et nous r\u00e9alisons des solutions sur mesure pour les clients ayant des besoins sp\u00e9cifiques. Nous acceptons tout d\u00e9fi dans le d\u00e9veloppement web et les services connexes, \u00e0 partir de simples sites de pr\u00e9sentation avec une fonctionnalit\u00e9 r\u00e9duite aux portails eCommerce avec des int\u00e9grations multiples et bas\u00e9 sur les solutions les plus complexes.<\/p>\n<p style=\"text-align: justify;\">Et lorsque tout fonctionne parfaitement, nous nous assurons que cela se maintient \u00e0 travers les services de maintenance et de support que nous offrons.<\/p>\n<\/div><a href=\"\/fr\/demander-une-offre\/\" target=\"_blank\" class=\"button button-appear color-8 large \" style=\"border-radius: 2px;\"><span>demander une offre<i class='fa fa-chevron-right'><\/i><\/span><\/a>[\/vc_column][\/vc_row][vc_row text_align=\u00a0\u00bbcenter\u00a0\u00bb top_padding=\u00a0\u00bb60&Prime; bottom_padding=\u00a0\u00bb60&Prime; bg_position=\u00a0\u00bbleft top\u00a0\u00bb][vc_column animation=\u00a0\u00bbfade-in-from-bottom\u00a0\u00bb width=\u00a0\u00bb1\/1&Prime;][vc_column_text]<div class=\"social-icon social-big\"><a href=\"https:\/\/facebook.com\/Burqundi\" target=\"_blank\" title=\"\"><i class=\"fa fa-facebook\"><\/i><\/a><\/div><div class=\"social-icon social-big\"><a href=\"https:\/\/twitter.com\/Burqundi\" target=\"_blank\" title=\"\"><i class=\"fa fa-twitter\"><\/i><\/a><\/div><div class=\"clear\"><\/div><div class=\"spacer\" style=\"height: 20px;\"><\/div>\n\u00a9 2012-2020 <strong>Burqundi &#8211; The Digital Marketing Agency<\/strong>. Tous les droits sont r\u00e9serv\u00e9s.[\/vc_column_text][\/vc_column][\/vc_row]<\/p>\n<\/div>","protected":false},"excerpt":{"rendered":"<p>[vc_row bg_color=\u00a0\u00bb#006f79&Prime; top_padding=\u00a0\u00bb120&Prime; bottom_padding=\u00a0\u00bb80&Prime;][vc_column width=\u00a0\u00bb1\/1&Prime;][\/vc_column][\/vc_row][vc_row top_padding=\u00a0\u00bb60&Prime; bottom_padding=\u00a0\u00bb60&Prime; row_id=\u00a0\u00bbservices\u00a0\u00bb bg_position=\u00a0\u00bbleft top\u00a0\u00bb][vc_column animation=\u00a0\u00bbfade-in\u00a0\u00bb width=\u00a0\u00bb1\/1&Prime;][vc_row_inner][vc_column_inner width=\u00a0\u00bb1\/3&Prime;][\/vc_column_inner][vc_column_inner width=\u00a0\u00bb1\/3&Prime;][\/vc_column_inner][vc_column_inner width=\u00a0\u00bb1\/3&Prime;][\/vc_column_inner][\/vc_row_inner][\/vc_column][\/vc_row][vc_row type=\u00a0\u00bbfull_width_section\u00a0\u00bb row_id=\u00a0\u00bbfeatures\u00a0\u00bb bg_position=\u00a0\u00bbleft top\u00a0\u00bb][vc_column animation=\u00a0\u00bbfade-in-from-left\u00a0\u00bb bg_color=\u00a0\u00bb#222222&Prime; column_padding=\u00a0\u00bbpadding-5&Prime; text_color=\u00a0\u00bbcustom\u00a0\u00bb custom_text_color=\u00a0\u00bb#44bdbd\u00a0\u00bb width=\u00a0\u00bb1\/2&Prime;][\/vc_column][vc_column animation=\u00a0\u00bbfade-in-from-right\u00a0\u00bb bg_color=\u00a0\u00bb#006f79&Prime; column_padding=\u00a0\u00bbpadding-5&Prime; column_center=\u00a0\u00bbtrue\u00a0\u00bb text_color=\u00a0\u00bblight\u00a0\u00bb width=\u00a0\u00bb1\/2&Prime;][\/vc_column][\/vc_row][vc_row text_align=\u00a0\u00bbcenter\u00a0\u00bb top_padding=\u00a0\u00bb60&Prime; bottom_padding=\u00a0\u00bb60&Prime; bg_position=\u00a0\u00bbleft top\u00a0\u00bb][vc_column animation=\u00a0\u00bbfade-in-from-bottom\u00a0\u00bb width=\u00a0\u00bb1\/1&Prime;][vc_column_text] \u00a9 2012-2020 Burqundi &#8211; The Digital Marketing Agency. Tous les droits sont r\u00e9serv\u00e9s.[\/vc_column_text][\/vc_column][\/vc_row]<\/p>\n","protected":false},"author":1,"featured_media":15957,"parent":0,"menu_order":0,"comment_status":"open","ping_status":"closed","template":"","meta":{"_exactmetrics_skip_tracking":false,"_exactmetrics_sitenote_active":false,"_exactmetrics_sitenote_note":"","_exactmetrics_sitenote_category":0,"footnotes":""},"class_list":["post-16019","page","type-page","status-publish","has-post-thumbnail","hentry"],"yoast_head":"<!-- This site is optimized with the Yoast SEO plugin v27.1.1 - https:\/\/yoast.com\/product\/yoast-seo-wordpress\/ -->\n<title>Services - Burqundi<\/title>\n<meta name=\"description\" content=\"Using the latest technologies for metrics and analytics, we provide you with the most efficient digital marketing campaigns.\" \/>\n<meta name=\"robots\" content=\"noindex, follow, max-snippet:-1, max-image-preview:large, max-video-preview:-1\" \/>\n<meta property=\"og:locale\" content=\"fr_FR\" \/>\n<meta property=\"og:type\" content=\"article\" \/>\n<meta property=\"og:title\" content=\"Services - Burqundi\" \/>\n<meta property=\"og:description\" content=\"Using the latest technologies for metrics and analytics, we provide you with the most efficient digital marketing campaigns.\" \/>\n<meta property=\"og:url\" content=\"https:\/\/burqundi.ro\/fr\/services\/\" \/>\n<meta property=\"og:site_name\" content=\"Burqundi\" \/>\n<meta property=\"article:modified_time\" content=\"2020-06-21T18:44:00+00:00\" \/>\n<meta property=\"og:image\" content=\"https:\/\/burqundi.ro\/wp-content\/uploads\/2015\/02\/12371255_478517405606780_3759626146109905758_o.png\" \/>\n\t<meta property=\"og:image:width\" content=\"1600\" \/>\n\t<meta property=\"og:image:height\" content=\"1600\" \/>\n\t<meta property=\"og:image:type\" content=\"image\/png\" \/>\n<meta name=\"twitter:card\" content=\"summary_large_image\" \/>\n<meta name=\"twitter:label1\" content=\"Dur\u00e9e de lecture estim\u00e9e\" \/>\n\t<meta name=\"twitter:data1\" content=\"4 minutes\" \/>\n<script type=\"application\/ld+json\" class=\"yoast-schema-graph\">{\"@context\":\"https:\/\/schema.org\",\"@graph\":[{\"@type\":\"WebPage\",\"@id\":\"https:\/\/burqundi.ro\/fr\/services\/\",\"url\":\"https:\/\/burqundi.ro\/fr\/services\/\",\"name\":\"Services - Burqundi\",\"isPartOf\":{\"@id\":\"https:\/\/burqundi.ro\/fr\/#website\"},\"primaryImageOfPage\":{\"@id\":\"https:\/\/burqundi.ro\/fr\/services\/#primaryimage\"},\"image\":{\"@id\":\"https:\/\/burqundi.ro\/fr\/services\/#primaryimage\"},\"thumbnailUrl\":\"https:\/\/burqundi.ro\/wp-content\/uploads\/2015\/02\/12371255_478517405606780_3759626146109905758_o.png\",\"datePublished\":\"2015-01-06T16:48:30+00:00\",\"dateModified\":\"2020-06-21T18:44:00+00:00\",\"description\":\"Using the latest technologies for metrics and analytics, we provide you with the most efficient digital marketing campaigns.\",\"breadcrumb\":{\"@id\":\"https:\/\/burqundi.ro\/fr\/services\/#breadcrumb\"},\"inLanguage\":\"fr-FR\",\"potentialAction\":[{\"@type\":\"ReadAction\",\"target\":[\"https:\/\/burqundi.ro\/fr\/services\/\"]}]},{\"@type\":\"ImageObject\",\"inLanguage\":\"fr-FR\",\"@id\":\"https:\/\/burqundi.ro\/fr\/services\/#primaryimage\",\"url\":\"https:\/\/burqundi.ro\/wp-content\/uploads\/2015\/02\/12371255_478517405606780_3759626146109905758_o.png\",\"contentUrl\":\"https:\/\/burqundi.ro\/wp-content\/uploads\/2015\/02\/12371255_478517405606780_3759626146109905758_o.png\",\"width\":1600,\"height\":1600,\"caption\":\"Burqundi - The Digital Marketing Agency\"},{\"@type\":\"BreadcrumbList\",\"@id\":\"https:\/\/burqundi.ro\/fr\/services\/#breadcrumb\",\"itemListElement\":[{\"@type\":\"ListItem\",\"position\":1,\"name\":\"Home\",\"item\":\"https:\/\/burqundi.ro\/fr\/\"},{\"@type\":\"ListItem\",\"position\":2,\"name\":\"Services\"}]},{\"@type\":\"WebSite\",\"@id\":\"https:\/\/burqundi.ro\/fr\/#website\",\"url\":\"https:\/\/burqundi.ro\/fr\/\",\"name\":\"Burqundi\",\"description\":\"The Digital Marketing Agency\",\"potentialAction\":[{\"@type\":\"SearchAction\",\"target\":{\"@type\":\"EntryPoint\",\"urlTemplate\":\"https:\/\/burqundi.ro\/fr\/?s={search_term_string}\"},\"query-input\":{\"@type\":\"PropertyValueSpecification\",\"valueRequired\":true,\"valueName\":\"search_term_string\"}}],\"inLanguage\":\"fr-FR\"}]}<\/script>\n<!-- \/ Yoast SEO plugin. -->","yoast_head_json":{"title":"Services - Burqundi","description":"Using the latest technologies for metrics and analytics, we provide you with the most efficient digital marketing campaigns.","robots":{"index":"noindex","follow":"follow","max-snippet":"max-snippet:-1","max-image-preview":"max-image-preview:large","max-video-preview":"max-video-preview:-1"},"og_locale":"fr_FR","og_type":"article","og_title":"Services - Burqundi","og_description":"Using the latest technologies for metrics and analytics, we provide you with the most efficient digital marketing campaigns.","og_url":"https:\/\/burqundi.ro\/fr\/services\/","og_site_name":"Burqundi","article_modified_time":"2020-06-21T18:44:00+00:00","og_image":[{"width":1600,"height":1600,"url":"https:\/\/burqundi.ro\/wp-content\/uploads\/2015\/02\/12371255_478517405606780_3759626146109905758_o.png","type":"image\/png"}],"twitter_card":"summary_large_image","twitter_misc":{"Dur\u00e9e de lecture estim\u00e9e":"4 minutes"},"schema":{"@context":"https:\/\/schema.org","@graph":[{"@type":"WebPage","@id":"https:\/\/burqundi.ro\/fr\/services\/","url":"https:\/\/burqundi.ro\/fr\/services\/","name":"Services - Burqundi","isPartOf":{"@id":"https:\/\/burqundi.ro\/fr\/#website"},"primaryImageOfPage":{"@id":"https:\/\/burqundi.ro\/fr\/services\/#primaryimage"},"image":{"@id":"https:\/\/burqundi.ro\/fr\/services\/#primaryimage"},"thumbnailUrl":"https:\/\/burqundi.ro\/wp-content\/uploads\/2015\/02\/12371255_478517405606780_3759626146109905758_o.png","datePublished":"2015-01-06T16:48:30+00:00","dateModified":"2020-06-21T18:44:00+00:00","description":"Using the latest technologies for metrics and analytics, we provide you with the most efficient digital marketing campaigns.","breadcrumb":{"@id":"https:\/\/burqundi.ro\/fr\/services\/#breadcrumb"},"inLanguage":"fr-FR","potentialAction":[{"@type":"ReadAction","target":["https:\/\/burqundi.ro\/fr\/services\/"]}]},{"@type":"ImageObject","inLanguage":"fr-FR","@id":"https:\/\/burqundi.ro\/fr\/services\/#primaryimage","url":"https:\/\/burqundi.ro\/wp-content\/uploads\/2015\/02\/12371255_478517405606780_3759626146109905758_o.png","contentUrl":"https:\/\/burqundi.ro\/wp-content\/uploads\/2015\/02\/12371255_478517405606780_3759626146109905758_o.png","width":1600,"height":1600,"caption":"Burqundi - The Digital Marketing Agency"},{"@type":"BreadcrumbList","@id":"https:\/\/burqundi.ro\/fr\/services\/#breadcrumb","itemListElement":[{"@type":"ListItem","position":1,"name":"Home","item":"https:\/\/burqundi.ro\/fr\/"},{"@type":"ListItem","position":2,"name":"Services"}]},{"@type":"WebSite","@id":"https:\/\/burqundi.ro\/fr\/#website","url":"https:\/\/burqundi.ro\/fr\/","name":"Burqundi","description":"The Digital Marketing Agency","potentialAction":[{"@type":"SearchAction","target":{"@type":"EntryPoint","urlTemplate":"https:\/\/burqundi.ro\/fr\/?s={search_term_string}"},"query-input":{"@type":"PropertyValueSpecification","valueRequired":true,"valueName":"search_term_string"}}],"inLanguage":"fr-FR"}]}},"_links":{"self":[{"href":"https:\/\/burqundi.ro\/fr\/wp-json\/wp\/v2\/pages\/16019","targetHints":{"allow":["GET"]}}],"collection":[{"href":"https:\/\/burqundi.ro\/fr\/wp-json\/wp\/v2\/pages"}],"about":[{"href":"https:\/\/burqundi.ro\/fr\/wp-json\/wp\/v2\/types\/page"}],"author":[{"embeddable":true,"href":"https:\/\/burqundi.ro\/fr\/wp-json\/wp\/v2\/users\/1"}],"replies":[{"embeddable":true,"href":"https:\/\/burqundi.ro\/fr\/wp-json\/wp\/v2\/comments?post=16019"}],"version-history":[{"count":5,"href":"https:\/\/burqundi.ro\/fr\/wp-json\/wp\/v2\/pages\/16019\/revisions"}],"predecessor-version":[{"id":16303,"href":"https:\/\/burqundi.ro\/fr\/wp-json\/wp\/v2\/pages\/16019\/revisions\/16303"}],"wp:featuredmedia":[{"embeddable":true,"href":"https:\/\/burqundi.ro\/fr\/wp-json\/wp\/v2\/media\/15957"}],"wp:attachment":[{"href":"https:\/\/burqundi.ro\/fr\/wp-json\/wp\/v2\/media?parent=16019"}],"curies":[{"name":"wp","href":"https:\/\/api.w.org\/{rel}","templated":true}]}}