{"id":15985,"date":"2015-02-19T21:17:31","date_gmt":"2015-02-19T21:17:31","guid":{"rendered":"https:\/\/burqundi.com\/burqundi-digital-marketing-agency\/"},"modified":"2020-06-23T07:01:55","modified_gmt":"2020-06-23T07:01:55","slug":"burqundi-digital-marketing-agency","status":"publish","type":"page","link":"https:\/\/burqundi.ro\/ro\/","title":{"rendered":"Burqundi &#8211; Solu\u021bii integrate de marketing digital"},"content":{"rendered":"<div class=\"wpb-content-wrapper\"><p>[vc_row bg_image=&#8221;16276&#8243; parallax_bg=&#8221;true&#8221; text_color=&#8221;light&#8221; text_align=&#8221;center&#8221; full_height=&#8221;true&#8221; video_bg_url=&#8221;#&#8221; video_bg_parallax=&#8221;content-moving&#8221; bg_position=&#8221;center top&#8221;][vc_column animation=&#8221;fade-in-from-top&#8221; width=&#8221;1\/1&#8243;]<h1 class=\"headline font-inherit fontsize-xxxl fontweight-400 lh-inherit align-center transform-inherit \" style=\"margin: 0 0 0px 0;\">Burqundi &#8211; Solu\u021bii integrate de marketing digital<\/h1><div class=\"headline font-inherit fontsize-l fontweight-400 lh-inherit align-center transform-uppercase \" style=\"\"><strong>Bine a\u021bi venit!<\/strong><br \/>\nDerula\u021bi pentru a afla mai multe despre noi.<\/div><a href=\"#intro\" target=\"_self\" class=\"button color-7 large anchor-link\" style=\"border-radius: 2px;\"><i class='fa fa-arrow-circle-down'><\/i>CINE SUNTEM?<\/a>[\/vc_column][\/vc_row][vc_row top_padding=&#8221;60&#8243; bottom_padding=&#8221;60&#8243; row_id=&#8221;intro&#8221; bg_position=&#8221;left top&#8221;][vc_column animation=&#8221;fade-in&#8221; width=&#8221;1\/1&#8243;]<h2 class=\"headline font-inherit fontsize-xxl fontweight-400 lh-inherit align-center transform-uppercase \" style=\"margin: 0 0 20px 0;\">Cine <strong>suntem?<\/strong><\/h2><div class=\"headline font-inherit fontsize-m fontweight-300 lh-inherit align-center transform-inherit \" style=\"margin: 0 0 40px 0; color: #999999;\"><span style=\"color: #006f79;\"><strong><em>\u201eMarketingul este prea important pentru a fi l\u0103sat departamentului de marketing.\u201d ~ David Packard<\/em><\/strong><\/span><\/p>\n<p>Burqundi este o agen\u021bie specializat\u0103 \u00een marketing digital &#8211; v\u0103 punem la dispozi\u021bie cele mai noi tehnologii, cu eficien\u021b\u0103 maxim\u0103.<br \/>\nSuntem pasiona\u021bi de marketing, dar ad\u00e2nc \u00eenr\u0103d\u0103cinat\u0103 \u00een ADN-ul companiei noastre este tehnologia care ne permite s\u0103 construim solu\u021bii integrate pentru optimizarea afacerii dvs. \u0219i s\u0103 implement\u0103m campanii de marketing cu precizie chirurgical\u0103.<\/div>[\/vc_column][\/vc_row][vc_row bg_color=&#8221;#333333&#8243; text_color=&#8221;light&#8221; text_align=&#8221;center&#8221; top_padding=&#8221;40&#8243; bottom_padding=&#8221;20&#8243; bg_position=&#8221;left top&#8221;][vc_column animation=&#8221;fade-in&#8221; width=&#8221;1\/1&#8243;]<h3 class=\"headline font-inherit fontsize-xxl fontweight-400 lh-inherit align-center transform-uppercase \" style=\"margin: 0 0 20px 0;\"><strong>Clien\u021bii<\/strong> no\u0219tri<\/h3><div class=\"headline font-inherit fontsize-m fontweight-300 lh-inherit align-center transform-inherit \" style=\"margin: 0 0 40px 0; color: #999999;\">Cu clien\u021bii mul\u021bumi\u021bi care provin chiar \u0219i din cele mai solicitante \u0219i dificile sectoare de pia\u021b\u0103 B2B, putem spune c\u0103 <span style=\"color: #ffffff;\"><strong>FACEM marketing.<\/strong><\/span><\/div>[\/vc_column][\/vc_row][vc_row bg_color=&#8221;#006f79&#8243; text_color=&#8221;light&#8221; top_padding=&#8221;40&#8243; bottom_padding=&#8221;0&#8243;][vc_column animation=&#8221;fade-in&#8221; width=&#8221;1\/1&#8243;]<div class=\"minti_carousel  grab-true dots\" data-columns=\"5\" data-tabletcolumns=\"3\" data-nav=\"false\" data-pagination=\"false\" data-autoplay=\"true\" data-animationtime=\"2000\"><div class=\"single_image wpb_content_element align-center   image_zoomout \" data-animation=\"none\" data-delay=\"0\"><img loading=\"lazy\" decoding=\"async\" width=\"200\" height=\"100\" src=\"https:\/\/burqundi.ro\/wp-content\/uploads\/2015\/02\/fortex_logo_white.png\" class=\"attachment-full\" alt=\"\" title=\"fortex_logo_white\" \/><span class=\"single_image_caption\">Fortex International<\/span><\/div><div class=\"single_image wpb_content_element align-center   image_zoomout \" data-animation=\"none\" data-delay=\"0\"><img loading=\"lazy\" decoding=\"async\" width=\"200\" height=\"100\" src=\"https:\/\/burqundi.ro\/wp-content\/uploads\/2015\/02\/maguay_logo_white.png\" class=\"attachment-full\" alt=\"\" title=\"maguay_logo_white\" \/><span class=\"single_image_caption\">Maguay - Knowlege as a Service<\/span><\/div><div class=\"single_image wpb_content_element align-center   image_zoomout \" data-animation=\"none\" data-delay=\"0\"><img loading=\"lazy\" decoding=\"async\" width=\"200\" height=\"100\" src=\"https:\/\/burqundi.ro\/wp-content\/uploads\/2015\/02\/bogasiu_si_asociatii_logo_white.png\" class=\"attachment-full\" alt=\"\" title=\"bogasiu_si_asociatii_logo_white\" \/><span class=\"single_image_caption\">Bogasiu &amp; Asocia\u021bii<\/span><\/div><div class=\"single_image wpb_content_element align-center   image_zoomout \" data-animation=\"none\" data-delay=\"0\"><img loading=\"lazy\" decoding=\"async\" width=\"200\" height=\"100\" src=\"https:\/\/burqundi.ro\/wp-content\/uploads\/2015\/02\/itrack_logo_white.png\" class=\"attachment-full\" alt=\"\" title=\"itrack_logo_white\" \/><span class=\"single_image_caption\">iTrack - Advanced Fleet Management Solutions<\/span><\/div><div class=\"single_image wpb_content_element align-center   image_zoomout \" data-animation=\"none\" data-delay=\"0\"><img loading=\"lazy\" decoding=\"async\" width=\"200\" height=\"100\" src=\"https:\/\/burqundi.ro\/wp-content\/uploads\/2015\/02\/carlsberg_logo_white.png\" class=\"attachment-full\" alt=\"\" title=\"carlsberg_logo_white\" \/><span class=\"single_image_caption\">Carlsberg<\/span><\/div><div class=\"single_image wpb_content_element align-center   image_zoomout \" data-animation=\"none\" data-delay=\"0\"><img loading=\"lazy\" decoding=\"async\" width=\"200\" height=\"100\" src=\"https:\/\/burqundi.ro\/wp-content\/uploads\/2015\/02\/phoenix-it-logo-white.png\" class=\"attachment-full\" alt=\"\" title=\"phoenix-it-logo-white\" \/><span class=\"single_image_caption\">Phoenix IT - Providing Tech Intelligence<\/span><\/div><div class=\"single_image wpb_content_element align-center   image_zoomout \" data-animation=\"none\" data-delay=\"0\"><img loading=\"lazy\" decoding=\"async\" width=\"200\" height=\"100\" src=\"https:\/\/burqundi.ro\/wp-content\/uploads\/2015\/02\/tuborg_logo_white.png\" class=\"attachment-full\" alt=\"\" title=\"tuborg_logo_white\" \/><span class=\"single_image_caption\">Tuborg<\/span><\/div><\/div>[\/vc_column][\/vc_row][vc_row top_padding=&#8221;60&#8243; bottom_padding=&#8221;60&#8243; row_id=&#8221;intro&#8221; bg_position=&#8221;left top&#8221;][vc_column animation=&#8221;fade-in&#8221; width=&#8221;1\/1&#8243;]<h2 class=\"headline font-inherit fontsize-xxl fontweight-400 lh-inherit align-center transform-uppercase \" style=\"margin: 0 0 20px 0;\">De ce s\u0103 <strong>ne alege\u021bi?<\/strong><\/h2><div class=\"headline font-inherit fontsize-m fontweight-300 lh-inherit align-center transform-inherit \" style=\"margin: 0 0 40px 0; color: #999999;\">Vom folosi experien\u021ba acumulat\u0103 \u00een peste 16 ani de activitate pentru a v\u0103 consolida identitatea digital\u0103 \u0219i a v\u0103 coordona cu succes campaniile de marketing.<br \/>\nExternalizarea departamentului dvs. de marketing c\u0103tre noi va cre\u0219te performan\u021ba f\u0103r\u0103 a cre\u0219te costurile &#8211; putem proiecta \u0219i livra planul de marketing pe care l-a\u021bi dorit \u00eentotdeauna, dar \u0219i solu\u021biile tehnice pentru a-l duce la \u00eendeplinire. Vom pune la dispozi\u021bia dvs. cuno\u0219tin\u021bele \u0219i experien\u021ba celor mai buni speciali\u0219ti, \u00eencadr\u00e2ndu-ne \u00eentr-un buget echitabil \u0219i fiind complet transparen\u021bi cu dvs. <\/div>[\/vc_column][\/vc_row][vc_row type=&#8221;full_width_section&#8221; text_align=&#8221;center&#8221; bg_position=&#8221;left top&#8221;][vc_column animation=&#8221;fade-in-from-bottom&#8221; width=&#8221;1\/1&#8243;]<div class=\"callout clearfix\" style=\"background-color:#006f79; color:#ffffff;\">\n\t\t<div class=\"callout-text\">Vrei s\u0103 lucrezi cu noi \u0219i s\u0103 te afli pe lista noastr\u0103 de clien\u021bi mul\u021bumi\u021bi?<\/div>\n\t\t\t<div class=\"callout-button\"><a class=\"button medium color-8\" href=\"\/ro\/solicita-oferta\" target=\"_blank\">Contacteaz\u0103-ne acum!<\/a><\/div>\n\t\t<\/div>[\/vc_column][\/vc_row][vc_row text_align=&#8221;center&#8221; top_padding=&#8221;60&#8243; bottom_padding=&#8221;60&#8243; bg_position=&#8221;left top&#8221;][vc_column animation=&#8221;fade-in-from-bottom&#8221; width=&#8221;1\/1&#8243;][vc_column_text]<div class=\"social-icon social-big\"><a href=\"https:\/\/facebook.com\/Burqundi\" target=\"_blank\" title=\"\"><i class=\"fa fa-facebook\"><\/i><\/a><\/div><div class=\"social-icon social-big\"><a href=\"https:\/\/twitter.com\/Burqundi\" target=\"_blank\" title=\"\"><i class=\"fa fa-twitter\"><\/i><\/a><\/div><div class=\"clear\"><\/div><div class=\"spacer\" style=\"height: 20px;\"><\/div>\n\u00a9 2012-2020 <strong>Burqundi &#8211; Solu\u021bii integrate de marketing digital<\/strong>. Toate drepturile rezervate.<\/p>\n<p style=\"text-align: center;\"><strong><a href=\"https:\/\/burqundi.ro\/ro\/protectia-datelor\/\" target=\"_blank\" rel=\"noopener noreferrer\">Protec\u021bia datelor<\/a> | <a href=\"https:\/\/burqundi.ro\/ro\/politica-de-utilizare-a-cookie-urilor\/\" target=\"_blank\" rel=\"noopener noreferrer\">Cookie-uri<\/a><\/strong><\/p>\n<p>[\/vc_column_text][\/vc_column][\/vc_row]<\/p>\n<\/div>","protected":false},"excerpt":{"rendered":"<p>[vc_row bg_image=&#8221;16276&#8243; parallax_bg=&#8221;true&#8221; text_color=&#8221;light&#8221; text_align=&#8221;center&#8221; full_height=&#8221;true&#8221; video_bg_url=&#8221;#&#8221; video_bg_parallax=&#8221;content-moving&#8221; bg_position=&#8221;center top&#8221;][vc_column animation=&#8221;fade-in-from-top&#8221; width=&#8221;1\/1&#8243;][\/vc_column][\/vc_row][vc_row top_padding=&#8221;60&#8243; bottom_padding=&#8221;60&#8243; row_id=&#8221;intro&#8221; bg_position=&#8221;left top&#8221;][vc_column animation=&#8221;fade-in&#8221; width=&#8221;1\/1&#8243;][\/vc_column][\/vc_row][vc_row bg_color=&#8221;#333333&#8243; text_color=&#8221;light&#8221; text_align=&#8221;center&#8221; top_padding=&#8221;40&#8243; bottom_padding=&#8221;20&#8243; bg_position=&#8221;left top&#8221;][vc_column animation=&#8221;fade-in&#8221; width=&#8221;1\/1&#8243;][\/vc_column][\/vc_row][vc_row bg_color=&#8221;#006f79&#8243; text_color=&#8221;light&#8221; top_padding=&#8221;40&#8243; bottom_padding=&#8221;0&#8243;][vc_column animation=&#8221;fade-in&#8221; width=&#8221;1\/1&#8243;][\/vc_column][\/vc_row][vc_row top_padding=&#8221;60&#8243; bottom_padding=&#8221;60&#8243; row_id=&#8221;intro&#8221; bg_position=&#8221;left top&#8221;][vc_column animation=&#8221;fade-in&#8221; width=&#8221;1\/1&#8243;][\/vc_column][\/vc_row][vc_row type=&#8221;full_width_section&#8221; text_align=&#8221;center&#8221; bg_position=&#8221;left top&#8221;][vc_column animation=&#8221;fade-in-from-bottom&#8221; width=&#8221;1\/1&#8243;][\/vc_column][\/vc_row][vc_row text_align=&#8221;center&#8221; top_padding=&#8221;60&#8243; bottom_padding=&#8221;60&#8243; bg_position=&#8221;left top&#8221;][vc_column animation=&#8221;fade-in-from-bottom&#8221; width=&#8221;1\/1&#8243;][vc_column_text] \u00a9 2012-2020 Burqundi &#8211; Solu\u021bii integrate de marketing digital. Toate drepturile rezervate. Protec\u021bia datelor | Cookie-uri [\/vc_column_text][\/vc_column][\/vc_row]<\/p>\n","protected":false},"author":1,"featured_media":15958,"parent":0,"menu_order":0,"comment_status":"open","ping_status":"closed","template":"","meta":{"_exactmetrics_skip_tracking":false,"_exactmetrics_sitenote_active":false,"_exactmetrics_sitenote_note":"","_exactmetrics_sitenote_category":0,"footnotes":""},"class_list":["post-15985","page","type-page","status-publish","has-post-thumbnail","hentry"],"yoast_head":"<!-- This site is optimized with the Yoast SEO plugin v27.1.1 - https:\/\/yoast.com\/product\/yoast-seo-wordpress\/ -->\n<title>Burqundi - Solu\u021bii integrate de marketing digital<\/title>\n<meta name=\"description\" content=\"Burqundi este o agen\u021bie specializat\u0103 \u00een marketing digital \u2013 v\u0103 punem la dispozi\u021bie cele mai noi tehnologii, cu eficien\u021b\u0103 maxim\u0103.\" \/>\n<meta name=\"robots\" content=\"noindex, follow, max-snippet:-1, max-image-preview:large, max-video-preview:-1\" \/>\n<meta property=\"og:locale\" content=\"ro_RO\" \/>\n<meta property=\"og:type\" content=\"article\" \/>\n<meta property=\"og:title\" content=\"Burqundi - Solu\u021bii integrate de marketing digital\" \/>\n<meta property=\"og:description\" content=\"Burqundi este o agen\u021bie specializat\u0103 \u00een marketing digital \u2013 v\u0103 punem la dispozi\u021bie cele mai noi tehnologii, cu eficien\u021b\u0103 maxim\u0103.\" \/>\n<meta property=\"og:url\" content=\"https:\/\/burqundi.ro\/ro\/\" \/>\n<meta property=\"og:site_name\" content=\"Burqundi\" \/>\n<meta property=\"article:modified_time\" content=\"2020-06-23T07:01:55+00:00\" \/>\n<meta property=\"og:image\" content=\"https:\/\/burqundi.ro\/wp-content\/uploads\/2015\/02\/12371255_478517405606780_3759626146109905758_o.png\" \/>\n\t<meta property=\"og:image:width\" content=\"1600\" \/>\n\t<meta property=\"og:image:height\" content=\"1600\" \/>\n\t<meta property=\"og:image:type\" content=\"image\/png\" \/>\n<meta name=\"twitter:card\" content=\"summary_large_image\" \/>\n<meta name=\"twitter:label1\" content=\"Timp estimat pentru citire\" \/>\n\t<meta name=\"twitter:data1\" content=\"3 minute\" \/>\n<script type=\"application\/ld+json\" class=\"yoast-schema-graph\">{\"@context\":\"https:\/\/schema.org\",\"@graph\":[{\"@type\":\"WebPage\",\"@id\":\"https:\/\/burqundi.ro\/ro\/\",\"url\":\"https:\/\/burqundi.ro\/ro\/\",\"name\":\"Burqundi - Solu\u021bii integrate de marketing digital\",\"isPartOf\":{\"@id\":\"https:\/\/burqundi.ro\/ro\/#website\"},\"primaryImageOfPage\":{\"@id\":\"https:\/\/burqundi.ro\/ro\/#primaryimage\"},\"image\":{\"@id\":\"https:\/\/burqundi.ro\/ro\/#primaryimage\"},\"thumbnailUrl\":\"https:\/\/burqundi.ro\/wp-content\/uploads\/2015\/02\/12371255_478517405606780_3759626146109905758_o.png\",\"datePublished\":\"2015-02-19T21:17:31+00:00\",\"dateModified\":\"2020-06-23T07:01:55+00:00\",\"description\":\"Burqundi este o agen\u021bie specializat\u0103 \u00een marketing digital \u2013 v\u0103 punem la dispozi\u021bie cele mai noi tehnologii, cu eficien\u021b\u0103 maxim\u0103.\",\"breadcrumb\":{\"@id\":\"https:\/\/burqundi.ro\/ro\/#breadcrumb\"},\"inLanguage\":\"ro-RO\",\"potentialAction\":[{\"@type\":\"ReadAction\",\"target\":[\"https:\/\/burqundi.ro\/ro\/\"]}]},{\"@type\":\"ImageObject\",\"inLanguage\":\"ro-RO\",\"@id\":\"https:\/\/burqundi.ro\/ro\/#primaryimage\",\"url\":\"https:\/\/burqundi.ro\/wp-content\/uploads\/2015\/02\/12371255_478517405606780_3759626146109905758_o.png\",\"contentUrl\":\"https:\/\/burqundi.ro\/wp-content\/uploads\/2015\/02\/12371255_478517405606780_3759626146109905758_o.png\",\"width\":1600,\"height\":1600,\"caption\":\"Burqundi - The Digital Marketing Agency\"},{\"@type\":\"BreadcrumbList\",\"@id\":\"https:\/\/burqundi.ro\/ro\/#breadcrumb\",\"itemListElement\":[{\"@type\":\"ListItem\",\"position\":1,\"name\":\"Home\",\"item\":\"https:\/\/burqundi.ro\/ro\/\"},{\"@type\":\"ListItem\",\"position\":2,\"name\":\"Burqundi &#8211; Solu\u021bii integrate de marketing digital\"}]},{\"@type\":\"WebSite\",\"@id\":\"https:\/\/burqundi.ro\/ro\/#website\",\"url\":\"https:\/\/burqundi.ro\/ro\/\",\"name\":\"Burqundi\",\"description\":\"The Digital Marketing Agency\",\"potentialAction\":[{\"@type\":\"SearchAction\",\"target\":{\"@type\":\"EntryPoint\",\"urlTemplate\":\"https:\/\/burqundi.ro\/ro\/?s={search_term_string}\"},\"query-input\":{\"@type\":\"PropertyValueSpecification\",\"valueRequired\":true,\"valueName\":\"search_term_string\"}}],\"inLanguage\":\"ro-RO\"}]}<\/script>\n<!-- \/ Yoast SEO plugin. -->","yoast_head_json":{"title":"Burqundi - Solu\u021bii integrate de marketing digital","description":"Burqundi este o agen\u021bie specializat\u0103 \u00een marketing digital \u2013 v\u0103 punem la dispozi\u021bie cele mai noi tehnologii, cu eficien\u021b\u0103 maxim\u0103.","robots":{"index":"noindex","follow":"follow","max-snippet":"max-snippet:-1","max-image-preview":"max-image-preview:large","max-video-preview":"max-video-preview:-1"},"og_locale":"ro_RO","og_type":"article","og_title":"Burqundi - Solu\u021bii integrate de marketing digital","og_description":"Burqundi este o agen\u021bie specializat\u0103 \u00een marketing digital \u2013 v\u0103 punem la dispozi\u021bie cele mai noi tehnologii, cu eficien\u021b\u0103 maxim\u0103.","og_url":"https:\/\/burqundi.ro\/ro\/","og_site_name":"Burqundi","article_modified_time":"2020-06-23T07:01:55+00:00","og_image":[{"width":1600,"height":1600,"url":"https:\/\/burqundi.ro\/wp-content\/uploads\/2015\/02\/12371255_478517405606780_3759626146109905758_o.png","type":"image\/png"}],"twitter_card":"summary_large_image","twitter_misc":{"Timp estimat pentru citire":"3 minute"},"schema":{"@context":"https:\/\/schema.org","@graph":[{"@type":"WebPage","@id":"https:\/\/burqundi.ro\/ro\/","url":"https:\/\/burqundi.ro\/ro\/","name":"Burqundi - Solu\u021bii integrate de marketing digital","isPartOf":{"@id":"https:\/\/burqundi.ro\/ro\/#website"},"primaryImageOfPage":{"@id":"https:\/\/burqundi.ro\/ro\/#primaryimage"},"image":{"@id":"https:\/\/burqundi.ro\/ro\/#primaryimage"},"thumbnailUrl":"https:\/\/burqundi.ro\/wp-content\/uploads\/2015\/02\/12371255_478517405606780_3759626146109905758_o.png","datePublished":"2015-02-19T21:17:31+00:00","dateModified":"2020-06-23T07:01:55+00:00","description":"Burqundi este o agen\u021bie specializat\u0103 \u00een marketing digital \u2013 v\u0103 punem la dispozi\u021bie cele mai noi tehnologii, cu eficien\u021b\u0103 maxim\u0103.","breadcrumb":{"@id":"https:\/\/burqundi.ro\/ro\/#breadcrumb"},"inLanguage":"ro-RO","potentialAction":[{"@type":"ReadAction","target":["https:\/\/burqundi.ro\/ro\/"]}]},{"@type":"ImageObject","inLanguage":"ro-RO","@id":"https:\/\/burqundi.ro\/ro\/#primaryimage","url":"https:\/\/burqundi.ro\/wp-content\/uploads\/2015\/02\/12371255_478517405606780_3759626146109905758_o.png","contentUrl":"https:\/\/burqundi.ro\/wp-content\/uploads\/2015\/02\/12371255_478517405606780_3759626146109905758_o.png","width":1600,"height":1600,"caption":"Burqundi - The Digital Marketing Agency"},{"@type":"BreadcrumbList","@id":"https:\/\/burqundi.ro\/ro\/#breadcrumb","itemListElement":[{"@type":"ListItem","position":1,"name":"Home","item":"https:\/\/burqundi.ro\/ro\/"},{"@type":"ListItem","position":2,"name":"Burqundi &#8211; Solu\u021bii integrate de marketing digital"}]},{"@type":"WebSite","@id":"https:\/\/burqundi.ro\/ro\/#website","url":"https:\/\/burqundi.ro\/ro\/","name":"Burqundi","description":"The Digital Marketing Agency","potentialAction":[{"@type":"SearchAction","target":{"@type":"EntryPoint","urlTemplate":"https:\/\/burqundi.ro\/ro\/?s={search_term_string}"},"query-input":{"@type":"PropertyValueSpecification","valueRequired":true,"valueName":"search_term_string"}}],"inLanguage":"ro-RO"}]}},"_links":{"self":[{"href":"https:\/\/burqundi.ro\/ro\/wp-json\/wp\/v2\/pages\/15985","targetHints":{"allow":["GET"]}}],"collection":[{"href":"https:\/\/burqundi.ro\/ro\/wp-json\/wp\/v2\/pages"}],"about":[{"href":"https:\/\/burqundi.ro\/ro\/wp-json\/wp\/v2\/types\/page"}],"author":[{"embeddable":true,"href":"https:\/\/burqundi.ro\/ro\/wp-json\/wp\/v2\/users\/1"}],"replies":[{"embeddable":true,"href":"https:\/\/burqundi.ro\/ro\/wp-json\/wp\/v2\/comments?post=15985"}],"version-history":[{"count":25,"href":"https:\/\/burqundi.ro\/ro\/wp-json\/wp\/v2\/pages\/15985\/revisions"}],"predecessor-version":[{"id":16414,"href":"https:\/\/burqundi.ro\/ro\/wp-json\/wp\/v2\/pages\/15985\/revisions\/16414"}],"wp:featuredmedia":[{"embeddable":true,"href":"https:\/\/burqundi.ro\/ro\/wp-json\/wp\/v2\/media\/15958"}],"wp:attachment":[{"href":"https:\/\/burqundi.ro\/ro\/wp-json\/wp\/v2\/media?parent=15985"}],"curies":[{"name":"wp","href":"https:\/\/api.w.org\/{rel}","templated":true}]}}