{"id":15990,"date":"2014-03-24T08:49:41","date_gmt":"2014-03-24T08:49:41","guid":{"rendered":"https:\/\/burqundi.com\/about-us\/"},"modified":"2020-06-21T18:33:02","modified_gmt":"2020-06-21T18:33:02","slug":"despre-noi","status":"publish","type":"page","link":"https:\/\/burqundi.ro\/ro\/despre-noi\/","title":{"rendered":"Despre Noi"},"content":{"rendered":"<div class=\"wpb-content-wrapper\"><p>[vc_row bg_color=&#8221;#840029&#8243; top_padding=&#8221;130&#8243; bottom_padding=&#8221;100&#8243;][vc_column width=&#8221;1\/1&#8243;]<h1 class=\"headline font-inherit fontsize-xxxxxl fontweight-300 lh-13 align-left transform-inherit \" style=\"margin: 0 0 40px 0; color: #ffffff;\">Burqundi &#8211; The Digital Marketing Agency<\/h1><div class=\"headline font-inherit fontsize-l fontweight-400 lh-inherit align-left transform-inherit \" style=\"margin: 0; color: #f9f9f9;\">\u201eMarketingul este prea important pentru a fi l\u0103sat departamentului de marketing.\u201d ~ David Packard<\/div>[\/vc_column][\/vc_row][vc_row top_padding=&#8221;60&#8243; bottom_padding=&#8221;60&#8243; row_id=&#8221;intro&#8221; bg_position=&#8221;left top&#8221;][vc_column animation=&#8221;fade-in&#8221; width=&#8221;1\/1&#8243;]<h2 class=\"headline font-inherit fontsize-xxl fontweight-400 lh-inherit align-center transform-uppercase \" style=\"margin: 0 0 20px 0;\">Cine <strong>suntem?<\/strong><\/h2><div class=\"headline font-inherit fontsize-m fontweight-300 lh-inherit align-center transform-inherit \" style=\"margin: 0 0 40px 0; color: #999999;\">Burqundi este o agen\u021bie specializat\u0103 \u00een marketing digital \u2013 v\u0103 punem la dispozi\u021bie cele mai noi tehnologii, cu eficien\u021b\u0103 maxim\u0103. Suntem pasiona\u021bi de marketing, dar ad\u00e2nc \u00eenr\u0103d\u0103cinat\u0103 \u00een ADN-ul companiei noastre este tehnologia care ne permite s\u0103 construim solu\u021bii integrate pentru optimizarea afacerii dvs. \u0219i s\u0103 implement\u0103m campanii de marketing cu precizie chirurgical\u0103.<\/div>[\/vc_column][\/vc_row][vc_row type=&#8221;full_width_section&#8221; text_color=&#8221;light&#8221; row_id=&#8221;features&#8221; bg_position=&#8221;left top&#8221;][vc_column animation=&#8221;fade-in-from-left&#8221; bg_color=&#8221;#222222&#8243; column_padding=&#8221;padding-5&#8243; text_color=&#8221;custom&#8221; custom_text_color=&#8221;#ffffff&#8221; width=&#8221;1\/2&#8243;]<h2 class=\"headline font-inherit fontsize-xxl fontweight-400 lh-inherit align-center transform-uppercase \" style=\"margin: 0 0 20px 0;\"><strong>MISIUNEA<\/strong> NOASTR\u0102<\/h2><div class=\"headline font-inherit fontsize-m fontweight-300 lh-inherit align-center transform-inherit \" style=\"margin: 0 0 40px 0; color: #999999;\">\n<p style=\"text-align: justify;\">Vom \u00eencepe prin a v\u0103 \u00een\u021belege afacerea, studiind \u00een primul r\u00e2nd pia\u021ba pentru a cunoa\u0219te nevoile poten\u021bialilor clien\u021bi \u0219i apoi pentru a dezvolta o strategie de marketing pentru afacerea dvs. Urm\u0103m cu aten\u021bie obiectivele pe care ni le stabilim \u0219i dezvolt\u0103m solu\u021bii clare pentru atingerea lor. Pentru Burqundi, marketingul implic\u0103 st\u0103p\u00e2nirea celor 4P &#8211; inten\u021bion\u0103m s\u0103 construim o experien\u021b\u0103 excelent\u0103 pentru clien\u021bii dvs., centrat\u0103 \u00een jurul valorilor companiei dvs.<\/p>\n<p>\t<\/div>[\/vc_column][vc_column animation=&#8221;fade-in-from-right&#8221; bg_color=&#8221;#006f79&#8243; column_padding=&#8221;padding-5&#8243; column_center=&#8221;true&#8221; text_color=&#8221;light&#8221; width=&#8221;1\/2&#8243;]<h2 class=\"headline font-inherit fontsize-xxl fontweight-400 lh-inherit align-center transform-uppercase \" style=\"margin: 0 0 20px 0; color: #f9f9f9;\"><strong>VIZIUNEA<\/strong> NOASTR\u0102<\/h2><div class=\"headline font-inherit fontsize-m fontweight-300 lh-inherit align-center transform-inherit \" style=\"margin: 0 0 40px 0; color: #999999;\">\n<p style=\"text-align: justify;\">Suntem convin\u0219i c\u0103 un design curat \u0219i elegant poate genera clien\u021bi noi \u0219i poate \u00eembun\u0103t\u0103\u021bi rela\u021bia companiei dvs. cu clien\u021bii actuali. Suntem perfec\u021bioni\u0219ti, facem totul ca \u0219i cum am face-o pentru noi \u00een\u0219ine&#8230; \u0219i acest lucru se traduce doar prin rezultate excep\u021bionale \u0219i de \u00eenalt\u0103 calitate. Cu clien\u021bii mul\u021bumi\u021bi din chiar \u0219i cele mai solicitante \u0219i dificile domenii ale pie\u021bei B2B, putem spune c\u0103 FACEM marketing.<\/p>\n<p>\t<\/div>[\/vc_column][\/vc_row][vc_row top_padding=&#8221;60&#8243; bottom_padding=&#8221;0&#8243; row_id=&#8221;intro&#8221; bg_position=&#8221;left top&#8221;][vc_column animation=&#8221;fade-in&#8221; width=&#8221;1\/1&#8243;]<h2 class=\"headline font-inherit fontsize-xxl fontweight-400 lh-inherit align-center transform-uppercase \" style=\"margin: 0 0 20px 0;\">De ce s\u0103 <strong>ne alege\u021bi?<\/strong><\/h2><div class=\"headline font-inherit fontsize-m fontweight-300 lh-inherit align-center transform-inherit \" style=\"margin: 0 0 40px 0; color: #999999;\">Vom folosi experien\u021ba acumulat\u0103 \u00een peste 16 ani de activitate pentru a v\u0103 consolida identitatea digital\u0103 \u0219i a v\u0103 coordona cu succes campaniile de marketing.\tExternalizarea departamentului dvs. de marketing c\u0103tre noi va cre\u0219te performan\u021ba f\u0103r\u0103 a cre\u0219te costurile \u2013 putem proiecta \u0219i livra planul de marketing pe care l-a\u021bi dorit \u00eentotdeauna, dar \u0219i solu\u021biile tehnice pentru a-l duce la \u00eendeplinire. Vom pune la dispozi\u021bia dvs. cuno\u0219tin\u021bele \u0219i experien\u021ba celor mai buni speciali\u0219ti, \u00eencadr\u00e2ndu-ne \u00eentr-un buget echitabil \u0219i fiind complet transparen\u021bi cu dvs.<\/div>[\/vc_column][\/vc_row][vc_row top_padding=&#8221;40&#8243; bottom_padding=&#8221;40&#8243; row_id=&#8221;intro&#8221; bg_position=&#8221;left top&#8221;][vc_column animation=&#8221;fade-in&#8221; width=&#8221;1\/1&#8243;]<h2 class=\"headline font-inherit fontsize-xxl fontweight-400 lh-inherit align-center transform-uppercase \" style=\"margin: 0 0 20px 0;\">Ei <strong>au f\u0103cut-o.<\/strong><\/h2><div class=\"headline font-inherit fontsize-m fontweight-300 lh-inherit align-center transform-inherit \" style=\"margin: 0 0 40px 0; color: #999999;\">Le-am oferit expertiza noastr\u0103, de la campanii de marketing digital cu Google Ads, p\u00e2n\u0103 la branding, design grafic, con\u021binut foto \u0219i video \u0219i p\u00e2n\u0103 la sisteme de booking \u0219i site-uri de comer\u021b electronic.\t<strong><a href=\"http:\/\/greculawyers.ro\" target=\"_blank\" rel=\"noopener noreferrer\">Grecu &amp; Asocia\u021bii<\/a>, <a href=\"http:\/\/priaevents.ro\/\" target=\"_blank\" rel=\"noopener noreferrer\">PRIAevents<\/a>, <a href=\"http:\/\/www.kinstellar.com\" target=\"_blank\" rel=\"noopener noreferrer\">Kinstellar<\/a>, <a href=\"https:\/\/www.labelongroup.com\/LabelonOS\/\" target=\"_blank\" rel=\"noopener noreferrer\">Labeleon<\/a>, <a href=\"https:\/\/ro.oriflame.com\/\" target=\"_blank\" rel=\"noopener noreferrer\">Oriflame<\/a>, <a href=\"http:\/\/www.eurofit.ro\/\" target=\"_blank\" rel=\"noopener noreferrer\">Eurofit<\/a>, <a href=\"http:\/\/www.carlsberg.ro\" target=\"_blank\" rel=\"noopener noreferrer\">Carlsberg<\/a>, <a href=\"http:\/\/www.maguay.ro\" target=\"_blank\" rel=\"noopener noreferrer\">Maguay<\/a>, <a href=\"http:\/\/www.i-track.ro\" target=\"_blank\" rel=\"noopener noreferrer\">iSYS Professional<\/a>, <a href=\"http:\/\/www.tuborg.ro\/\" target=\"_blank\" rel=\"noopener noreferrer\">Tuborg<\/a>, <a href=\"https:\/\/echipamentehoreca.ro\/\" target=\"_blank\" rel=\"noopener noreferrer\">Fortex International<\/a>, <a href=\"http:\/\/www.phoenix-it.ro\" target=\"_blank\" rel=\"noopener noreferrer\">Phoenix IT<\/a>,  <a href=\"http:\/\/www.colegfarm.ro\" target=\"_blank\" rel=\"noopener noreferrer\">Colegiul Farmaci\u0219tilor din Rom\u00e2nia<\/a>, <a href=\"http:\/\/www.e-unlimited.com\/home\/home-public.aspx\" target=\"_blank\" rel=\"noopener noreferrer\">Europe Unlimited<\/a>, <a href=\"http:\/\/www.bogasiu.ro\" target=\"_blank\" rel=\"noopener noreferrer\">Bogasiu &amp; Asocia\u021bii<\/a>, <a href=\"https:\/\/www.kundalini.bar\" target=\"_blank\" rel=\"noopener noreferrer\">Kundalini Pool Bar &amp; Lounge<\/a>, <a href=\"https:\/\/www.on-set.ro\" target=\"_blank\" rel=\"noopener noreferrer\">On Set Catering &amp; Events<\/a><\/strong><\/p>\n<p>&#8230;\u0219i multe alte companii.<\/div>[\/vc_column][\/vc_row][vc_row type=&#8221;full_width_section&#8221; text_align=&#8221;center&#8221; bg_position=&#8221;left top&#8221;][vc_column animation=&#8221;fade-in-from-bottom&#8221; width=&#8221;1\/1&#8243;]<div class=\"callout clearfix\" style=\"background-color:#006f79; color:#ffffff;\">\n\t\t<div class=\"callout-text\">Vrei s\u0103 lucrezi cu noi \u0219i s\u0103 te afli pe lista noastr\u0103 de clien\u021bi mul\u021bumi\u021bi? <\/div>\n\t\t\t<div class=\"callout-button\"><a class=\"button medium color-8\" href=\"\/solicita-oferta\" target=\"_blank\">Contacteaz\u0103-ne acum!<\/a><\/div>\n\t\t<\/div>[\/vc_column][\/vc_row][vc_row text_align=&#8221;center&#8221; top_padding=&#8221;60&#8243; bottom_padding=&#8221;60&#8243; bg_position=&#8221;left top&#8221;][vc_column animation=&#8221;fade-in-from-bottom&#8221; width=&#8221;1\/1&#8243;][vc_column_text]<div class=\"social-icon social-big\"><a href=\"https:\/\/facebook.com\/Burqundi\" target=\"_blank\" title=\"\"><i class=\"fa fa-facebook\"><\/i><\/a><\/div><div class=\"social-icon social-big\"><a href=\"https:\/\/twitter.com\/Burqundi\" target=\"_blank\" title=\"\"><i class=\"fa fa-twitter\"><\/i><\/a><\/div><div class=\"clear\"><\/div><div class=\"spacer\" style=\"height: 20px;\"><\/div>\n\u00a9 2012-2020 <strong>Burqundi \u2013 Solu\u021bii integrate de marketing digital<\/strong>. Toate drepturile rezervate.[\/vc_column_text][\/vc_column][\/vc_row]\t<\/p>\n<\/div>","protected":false},"excerpt":{"rendered":"<p>[vc_row bg_color=&#8221;#840029&#8243; top_padding=&#8221;130&#8243; bottom_padding=&#8221;100&#8243;][vc_column width=&#8221;1\/1&#8243;][\/vc_column][\/vc_row][vc_row top_padding=&#8221;60&#8243; bottom_padding=&#8221;60&#8243; row_id=&#8221;intro&#8221; bg_position=&#8221;left top&#8221;][vc_column animation=&#8221;fade-in&#8221; width=&#8221;1\/1&#8243;][\/vc_column][\/vc_row][vc_row type=&#8221;full_width_section&#8221; text_color=&#8221;light&#8221; row_id=&#8221;features&#8221; bg_position=&#8221;left top&#8221;][vc_column animation=&#8221;fade-in-from-left&#8221; bg_color=&#8221;#222222&#8243; column_padding=&#8221;padding-5&#8243; text_color=&#8221;custom&#8221; custom_text_color=&#8221;#ffffff&#8221; width=&#8221;1\/2&#8243;][\/vc_column][vc_column animation=&#8221;fade-in-from-right&#8221; bg_color=&#8221;#006f79&#8243; column_padding=&#8221;padding-5&#8243; column_center=&#8221;true&#8221; text_color=&#8221;light&#8221; width=&#8221;1\/2&#8243;][\/vc_column][\/vc_row][vc_row top_padding=&#8221;60&#8243; bottom_padding=&#8221;0&#8243; row_id=&#8221;intro&#8221; bg_position=&#8221;left top&#8221;][vc_column animation=&#8221;fade-in&#8221; width=&#8221;1\/1&#8243;][\/vc_column][\/vc_row][vc_row top_padding=&#8221;40&#8243; bottom_padding=&#8221;40&#8243; row_id=&#8221;intro&#8221; bg_position=&#8221;left top&#8221;][vc_column animation=&#8221;fade-in&#8221; width=&#8221;1\/1&#8243;][\/vc_column][\/vc_row][vc_row type=&#8221;full_width_section&#8221; text_align=&#8221;center&#8221; bg_position=&#8221;left top&#8221;][vc_column animation=&#8221;fade-in-from-bottom&#8221; width=&#8221;1\/1&#8243;][\/vc_column][\/vc_row][vc_row text_align=&#8221;center&#8221; top_padding=&#8221;60&#8243; bottom_padding=&#8221;60&#8243; bg_position=&#8221;left top&#8221;][vc_column animation=&#8221;fade-in-from-bottom&#8221; width=&#8221;1\/1&#8243;][vc_column_text] \u00a9 2012-2020 Burqundi \u2013 Solu\u021bii integrate de marketing digital. Toate drepturile rezervate.[\/vc_column_text][\/vc_column][\/vc_row]<\/p>\n","protected":false},"author":1,"featured_media":0,"parent":0,"menu_order":0,"comment_status":"open","ping_status":"closed","template":"","meta":{"_exactmetrics_skip_tracking":false,"_exactmetrics_sitenote_active":false,"_exactmetrics_sitenote_note":"","_exactmetrics_sitenote_category":0,"footnotes":""},"class_list":["post-15990","page","type-page","status-publish","hentry"],"yoast_head":"<!-- This site is optimized with the Yoast SEO plugin v27.1.1 - https:\/\/yoast.com\/product\/yoast-seo-wordpress\/ -->\n<title>Despre Noi - Burqundi<\/title>\n<meta name=\"robots\" content=\"noindex, follow, max-snippet:-1, max-image-preview:large, max-video-preview:-1\" \/>\n<meta property=\"og:locale\" content=\"ro_RO\" \/>\n<meta property=\"og:type\" content=\"article\" \/>\n<meta property=\"og:title\" content=\"Despre Noi - Burqundi\" \/>\n<meta property=\"og:description\" content=\"[vc_row bg_color=&#8221;#840029&#8243; top_padding=&#8221;130&#8243; bottom_padding=&#8221;100&#8243;][vc_column width=&#8221;1\/1&#8243;][\/vc_column][\/vc_row][vc_row top_padding=&#8221;60&#8243; bottom_padding=&#8221;60&#8243; row_id=&#8221;intro&#8221; bg_position=&#8221;left top&#8221;][vc_column animation=&#8221;fade-in&#8221; width=&#8221;1\/1&#8243;][\/vc_column][\/vc_row][vc_row type=&#8221;full_width_section&#8221; text_color=&#8221;light&#8221; row_id=&#8221;features&#8221; bg_position=&#8221;left top&#8221;][vc_column animation=&#8221;fade-in-from-left&#8221; bg_color=&#8221;#222222&#8243; column_padding=&#8221;padding-5&#8243; text_color=&#8221;custom&#8221; custom_text_color=&#8221;#ffffff&#8221; width=&#8221;1\/2&#8243;][\/vc_column][vc_column animation=&#8221;fade-in-from-right&#8221; bg_color=&#8221;#006f79&#8243; column_padding=&#8221;padding-5&#8243; column_center=&#8221;true&#8221; text_color=&#8221;light&#8221; width=&#8221;1\/2&#8243;][\/vc_column][\/vc_row][vc_row top_padding=&#8221;60&#8243; bottom_padding=&#8221;0&#8243; row_id=&#8221;intro&#8221; bg_position=&#8221;left top&#8221;][vc_column animation=&#8221;fade-in&#8221; width=&#8221;1\/1&#8243;][\/vc_column][\/vc_row][vc_row top_padding=&#8221;40&#8243; bottom_padding=&#8221;40&#8243; row_id=&#8221;intro&#8221; bg_position=&#8221;left top&#8221;][vc_column animation=&#8221;fade-in&#8221; width=&#8221;1\/1&#8243;][\/vc_column][\/vc_row][vc_row type=&#8221;full_width_section&#8221; text_align=&#8221;center&#8221; bg_position=&#8221;left top&#8221;][vc_column animation=&#8221;fade-in-from-bottom&#8221; width=&#8221;1\/1&#8243;][\/vc_column][\/vc_row][vc_row text_align=&#8221;center&#8221; top_padding=&#8221;60&#8243; bottom_padding=&#8221;60&#8243; bg_position=&#8221;left top&#8221;][vc_column animation=&#8221;fade-in-from-bottom&#8221; width=&#8221;1\/1&#8243;][vc_column_text] \u00a9 2012-2020 Burqundi \u2013 Solu\u021bii integrate de marketing digital. Toate drepturile rezervate.[\/vc_column_text][\/vc_column][\/vc_row]\" \/>\n<meta property=\"og:url\" content=\"https:\/\/burqundi.ro\/ro\/despre-noi\/\" \/>\n<meta property=\"og:site_name\" content=\"Burqundi\" \/>\n<meta property=\"article:modified_time\" content=\"2020-06-21T18:33:02+00:00\" \/>\n<meta name=\"twitter:card\" content=\"summary_large_image\" \/>\n<meta name=\"twitter:label1\" content=\"Timp estimat pentru citire\" \/>\n\t<meta name=\"twitter:data1\" content=\"4 minute\" \/>\n<script type=\"application\/ld+json\" class=\"yoast-schema-graph\">{\"@context\":\"https:\/\/schema.org\",\"@graph\":[{\"@type\":\"WebPage\",\"@id\":\"https:\/\/burqundi.ro\/ro\/despre-noi\/\",\"url\":\"https:\/\/burqundi.ro\/ro\/despre-noi\/\",\"name\":\"Despre Noi - Burqundi\",\"isPartOf\":{\"@id\":\"https:\/\/burqundi.ro\/ro\/#website\"},\"datePublished\":\"2014-03-24T08:49:41+00:00\",\"dateModified\":\"2020-06-21T18:33:02+00:00\",\"breadcrumb\":{\"@id\":\"https:\/\/burqundi.ro\/ro\/despre-noi\/#breadcrumb\"},\"inLanguage\":\"ro-RO\",\"potentialAction\":[{\"@type\":\"ReadAction\",\"target\":[\"https:\/\/burqundi.ro\/ro\/despre-noi\/\"]}]},{\"@type\":\"BreadcrumbList\",\"@id\":\"https:\/\/burqundi.ro\/ro\/despre-noi\/#breadcrumb\",\"itemListElement\":[{\"@type\":\"ListItem\",\"position\":1,\"name\":\"Home\",\"item\":\"https:\/\/burqundi.ro\/ro\/\"},{\"@type\":\"ListItem\",\"position\":2,\"name\":\"Despre Noi\"}]},{\"@type\":\"WebSite\",\"@id\":\"https:\/\/burqundi.ro\/ro\/#website\",\"url\":\"https:\/\/burqundi.ro\/ro\/\",\"name\":\"Burqundi\",\"description\":\"The Digital Marketing Agency\",\"potentialAction\":[{\"@type\":\"SearchAction\",\"target\":{\"@type\":\"EntryPoint\",\"urlTemplate\":\"https:\/\/burqundi.ro\/ro\/?s={search_term_string}\"},\"query-input\":{\"@type\":\"PropertyValueSpecification\",\"valueRequired\":true,\"valueName\":\"search_term_string\"}}],\"inLanguage\":\"ro-RO\"}]}<\/script>\n<!-- \/ Yoast SEO plugin. -->","yoast_head_json":{"title":"Despre Noi - Burqundi","robots":{"index":"noindex","follow":"follow","max-snippet":"max-snippet:-1","max-image-preview":"max-image-preview:large","max-video-preview":"max-video-preview:-1"},"og_locale":"ro_RO","og_type":"article","og_title":"Despre Noi - Burqundi","og_description":"[vc_row bg_color=&#8221;#840029&#8243; top_padding=&#8221;130&#8243; bottom_padding=&#8221;100&#8243;][vc_column width=&#8221;1\/1&#8243;][\/vc_column][\/vc_row][vc_row top_padding=&#8221;60&#8243; bottom_padding=&#8221;60&#8243; row_id=&#8221;intro&#8221; bg_position=&#8221;left top&#8221;][vc_column animation=&#8221;fade-in&#8221; width=&#8221;1\/1&#8243;][\/vc_column][\/vc_row][vc_row type=&#8221;full_width_section&#8221; text_color=&#8221;light&#8221; row_id=&#8221;features&#8221; bg_position=&#8221;left top&#8221;][vc_column animation=&#8221;fade-in-from-left&#8221; bg_color=&#8221;#222222&#8243; column_padding=&#8221;padding-5&#8243; text_color=&#8221;custom&#8221; custom_text_color=&#8221;#ffffff&#8221; width=&#8221;1\/2&#8243;][\/vc_column][vc_column animation=&#8221;fade-in-from-right&#8221; bg_color=&#8221;#006f79&#8243; column_padding=&#8221;padding-5&#8243; column_center=&#8221;true&#8221; text_color=&#8221;light&#8221; width=&#8221;1\/2&#8243;][\/vc_column][\/vc_row][vc_row top_padding=&#8221;60&#8243; bottom_padding=&#8221;0&#8243; row_id=&#8221;intro&#8221; bg_position=&#8221;left top&#8221;][vc_column animation=&#8221;fade-in&#8221; width=&#8221;1\/1&#8243;][\/vc_column][\/vc_row][vc_row top_padding=&#8221;40&#8243; bottom_padding=&#8221;40&#8243; row_id=&#8221;intro&#8221; bg_position=&#8221;left top&#8221;][vc_column animation=&#8221;fade-in&#8221; width=&#8221;1\/1&#8243;][\/vc_column][\/vc_row][vc_row type=&#8221;full_width_section&#8221; text_align=&#8221;center&#8221; bg_position=&#8221;left top&#8221;][vc_column animation=&#8221;fade-in-from-bottom&#8221; width=&#8221;1\/1&#8243;][\/vc_column][\/vc_row][vc_row text_align=&#8221;center&#8221; top_padding=&#8221;60&#8243; bottom_padding=&#8221;60&#8243; bg_position=&#8221;left top&#8221;][vc_column animation=&#8221;fade-in-from-bottom&#8221; width=&#8221;1\/1&#8243;][vc_column_text] \u00a9 2012-2020 Burqundi \u2013 Solu\u021bii integrate de marketing digital. Toate drepturile rezervate.[\/vc_column_text][\/vc_column][\/vc_row]","og_url":"https:\/\/burqundi.ro\/ro\/despre-noi\/","og_site_name":"Burqundi","article_modified_time":"2020-06-21T18:33:02+00:00","twitter_card":"summary_large_image","twitter_misc":{"Timp estimat pentru citire":"4 minute"},"schema":{"@context":"https:\/\/schema.org","@graph":[{"@type":"WebPage","@id":"https:\/\/burqundi.ro\/ro\/despre-noi\/","url":"https:\/\/burqundi.ro\/ro\/despre-noi\/","name":"Despre Noi - Burqundi","isPartOf":{"@id":"https:\/\/burqundi.ro\/ro\/#website"},"datePublished":"2014-03-24T08:49:41+00:00","dateModified":"2020-06-21T18:33:02+00:00","breadcrumb":{"@id":"https:\/\/burqundi.ro\/ro\/despre-noi\/#breadcrumb"},"inLanguage":"ro-RO","potentialAction":[{"@type":"ReadAction","target":["https:\/\/burqundi.ro\/ro\/despre-noi\/"]}]},{"@type":"BreadcrumbList","@id":"https:\/\/burqundi.ro\/ro\/despre-noi\/#breadcrumb","itemListElement":[{"@type":"ListItem","position":1,"name":"Home","item":"https:\/\/burqundi.ro\/ro\/"},{"@type":"ListItem","position":2,"name":"Despre Noi"}]},{"@type":"WebSite","@id":"https:\/\/burqundi.ro\/ro\/#website","url":"https:\/\/burqundi.ro\/ro\/","name":"Burqundi","description":"The Digital Marketing Agency","potentialAction":[{"@type":"SearchAction","target":{"@type":"EntryPoint","urlTemplate":"https:\/\/burqundi.ro\/ro\/?s={search_term_string}"},"query-input":{"@type":"PropertyValueSpecification","valueRequired":true,"valueName":"search_term_string"}}],"inLanguage":"ro-RO"}]}},"_links":{"self":[{"href":"https:\/\/burqundi.ro\/ro\/wp-json\/wp\/v2\/pages\/15990","targetHints":{"allow":["GET"]}}],"collection":[{"href":"https:\/\/burqundi.ro\/ro\/wp-json\/wp\/v2\/pages"}],"about":[{"href":"https:\/\/burqundi.ro\/ro\/wp-json\/wp\/v2\/types\/page"}],"author":[{"embeddable":true,"href":"https:\/\/burqundi.ro\/ro\/wp-json\/wp\/v2\/users\/1"}],"replies":[{"embeddable":true,"href":"https:\/\/burqundi.ro\/ro\/wp-json\/wp\/v2\/comments?post=15990"}],"version-history":[{"count":11,"href":"https:\/\/burqundi.ro\/ro\/wp-json\/wp\/v2\/pages\/15990\/revisions"}],"predecessor-version":[{"id":16293,"href":"https:\/\/burqundi.ro\/ro\/wp-json\/wp\/v2\/pages\/15990\/revisions\/16293"}],"wp:attachment":[{"href":"https:\/\/burqundi.ro\/ro\/wp-json\/wp\/v2\/media?parent=15990"}],"curies":[{"name":"wp","href":"https:\/\/api.w.org\/{rel}","templated":true}]}}