{"id":15992,"date":"2015-02-19T21:25:05","date_gmt":"2015-02-19T21:25:05","guid":{"rendered":"https:\/\/burqundi.com\/request-offer\/"},"modified":"2020-06-21T18:37:39","modified_gmt":"2020-06-21T18:37:39","slug":"solicita-oferta","status":"publish","type":"page","link":"https:\/\/burqundi.ro\/ro\/solicita-oferta\/","title":{"rendered":"Solicit\u0103 ofert\u0103"},"content":{"rendered":"<div class=\"wpb-content-wrapper\"><p>[vc_row top_padding=&#8221;10&#8243; row_id=&#8221;services&#8221; bg_position=&#8221;left top&#8221;][vc_column animation=&#8221;fade-in&#8221; width=&#8221;1\/1&#8243;]<h1 class=\"headline font-inherit fontsize-xxl fontweight-300 lh-inherit align-center transform-uppercase \" style=\"margin: 0 0 20px 0;\">Hai s\u0103 <strong>colabor\u0103m!<\/strong><\/h1><div class=\"headline font-inherit fontsize-m fontweight-300 lh-inherit align-center transform-inherit \" style=\"margin: 0 0 60px 0; color: #999999;\">A\u021bi dep\u0103\u0219it termenul limit\u0103 pentru un proiect? Spune\u021bi-ne ce dori\u021bi \u0219i v\u0103 vom spune ce ave\u021bi nevoie, dar mai ales cum o putem face \u00eempreun\u0103.<\/div>\n<div class=\"wpcf7 no-js\" id=\"wpcf7-f16245-o1\" lang=\"ro-RO\" dir=\"ltr\" data-wpcf7-id=\"16245\">\n<div class=\"screen-reader-response\"><p role=\"status\" aria-live=\"polite\" aria-atomic=\"true\"><\/p> <ul><\/ul><\/div>\n<form action=\"\/ro\/wp-json\/wp\/v2\/pages\/15992#wpcf7-f16245-o1\" method=\"post\" class=\"wpcf7-form init\" aria-label=\"Formular de contact\" novalidate=\"novalidate\" data-status=\"init\">\n<fieldset class=\"hidden-fields-container\"><input type=\"hidden\" name=\"_wpcf7\" value=\"16245\" \/><input type=\"hidden\" name=\"_wpcf7_version\" value=\"6.1.5\" \/><input type=\"hidden\" name=\"_wpcf7_locale\" value=\"ro_RO\" \/><input type=\"hidden\" name=\"_wpcf7_unit_tag\" value=\"wpcf7-f16245-o1\" \/><input type=\"hidden\" name=\"_wpcf7_container_post\" value=\"0\" \/><input type=\"hidden\" name=\"_wpcf7_posted_data_hash\" value=\"\" \/><input type=\"hidden\" name=\"_wpcf7_recaptcha_response\" value=\"\" \/>\n<\/fieldset>\n<div class=\"box style-3 wpb_content_element\">\n\t<p>Nume\n\t<\/p>\n\t<p><span class=\"wpcf7-form-control-wrap\" data-name=\"your-name\"><input size=\"40\" maxlength=\"400\" class=\"wpcf7-form-control wpcf7-text wpcf7-validates-as-required\" aria-required=\"true\" aria-invalid=\"false\" value=\"\" type=\"text\" name=\"your-name\" \/><\/span>\n\t<\/p>\n\t<p>Adres\u0103 de e-mail\n\t<\/p>\n\t<p><span class=\"wpcf7-form-control-wrap\" data-name=\"your-email\"><input size=\"40\" maxlength=\"400\" class=\"wpcf7-form-control wpcf7-email wpcf7-validates-as-required wpcf7-text wpcf7-validates-as-email\" aria-required=\"true\" aria-invalid=\"false\" value=\"\" type=\"email\" name=\"your-email\" \/><\/span>\n\t<\/p>\n\t<p>Num\u0103r de telefon\n\t<\/p>\n\t<p><span class=\"wpcf7-form-control-wrap\" data-name=\"phone\"><input size=\"40\" maxlength=\"400\" class=\"wpcf7-form-control wpcf7-text wpcf7-validates-as-required\" aria-required=\"true\" aria-invalid=\"false\" value=\"\" type=\"text\" name=\"phone\" \/><\/span>\n\t<\/p>\n\t<p>Companie\n\t<\/p>\n\t<p><span class=\"wpcf7-form-control-wrap\" data-name=\"company\"><input size=\"40\" maxlength=\"400\" class=\"wpcf7-form-control wpcf7-text wpcf7-validates-as-required\" aria-required=\"true\" aria-invalid=\"false\" value=\"\" type=\"text\" name=\"company\" \/><\/span>\n\t<\/p>\n\t<p>Ora\u0219\n\t<\/p>\n\t<p><span class=\"wpcf7-form-control-wrap\" data-name=\"city\"><input size=\"40\" maxlength=\"400\" class=\"wpcf7-form-control wpcf7-text\" aria-invalid=\"false\" value=\"\" type=\"text\" name=\"city\" \/><\/span>\n\t<\/p>\n<\/div>\n<div class=\"box style-3 wpb_content_element\">\n\t<p>Website-ul dvs.\n\t<\/p>\n\t<p><span class=\"wpcf7-form-control-wrap\" data-name=\"website\"><input size=\"40\" maxlength=\"400\" class=\"wpcf7-form-control wpcf7-text wpcf7-validates-as-required\" aria-required=\"true\" aria-invalid=\"false\" value=\"\" type=\"text\" name=\"website\" \/><\/span>\n\t<\/p>\n\t<p>Servicii\n\t<\/p>\n\t<p><span class=\"wpcf7-form-control-wrap\" data-name=\"checkbox-393\"><span class=\"wpcf7-form-control wpcf7-checkbox\"><span class=\"wpcf7-list-item first\"><label><input type=\"checkbox\" name=\"checkbox-393[]\" value=\"Solu\u021bie Alfred\" \/><span class=\"wpcf7-list-item-label\">Solu\u021bie Alfred<\/span><\/label><\/span><span class=\"wpcf7-list-item\"><label><input type=\"checkbox\" name=\"checkbox-393[]\" value=\"Strategie de marketing\" \/><span class=\"wpcf7-list-item-label\">Strategie de marketing<\/span><\/label><\/span><span class=\"wpcf7-list-item\"><label><input type=\"checkbox\" name=\"checkbox-393[]\" value=\"Digital Marketing\" \/><span class=\"wpcf7-list-item-label\">Digital Marketing<\/span><\/label><\/span><span class=\"wpcf7-list-item\"><label><input type=\"checkbox\" name=\"checkbox-393[]\" value=\"Branding \u0219i\/sau Design\" \/><span class=\"wpcf7-list-item-label\">Branding \u0219i\/sau Design<\/span><\/label><\/span><span class=\"wpcf7-list-item\"><label><input type=\"checkbox\" name=\"checkbox-393[]\" value=\"Servicii foto &amp; video\" \/><span class=\"wpcf7-list-item-label\">Servicii foto &amp; video<\/span><\/label><\/span><span class=\"wpcf7-list-item\"><label><input type=\"checkbox\" name=\"checkbox-393[]\" value=\"Localizare de con\u021binut \u0219i traduceri\" \/><span class=\"wpcf7-list-item-label\">Localizare de con\u021binut \u0219i traduceri<\/span><\/label><\/span><span class=\"wpcf7-list-item\"><label><input type=\"checkbox\" name=\"checkbox-393[]\" value=\"Dezvoltare web \u0219i servicii conexe\" \/><span class=\"wpcf7-list-item-label\">Dezvoltare web \u0219i servicii conexe<\/span><\/label><\/span><span class=\"wpcf7-list-item last\"><label><input type=\"checkbox\" name=\"checkbox-393[]\" value=\"Analiz\u0103 \u0219i consultan\u021b\u0103 SEO\" \/><span class=\"wpcf7-list-item-label\">Analiz\u0103 \u0219i consultan\u021b\u0103 SEO<\/span><\/label><\/span><\/span><\/span>\n\t<\/p>\n\t<p>Orizont de timp\n\t<\/p>\n\t<p><span class=\"wpcf7-form-control-wrap\" data-name=\"menu-615\"><select class=\"wpcf7-form-control wpcf7-select\" aria-invalid=\"false\" name=\"menu-615\"><option value=\"Urgent\">Urgent<\/option><option value=\"1-2 s\u0103pt\u0103m\u00e2ni\">1-2 s\u0103pt\u0103m\u00e2ni<\/option><option value=\"2-4 s\u0103pt\u0103m\u00e2ni\">2-4 s\u0103pt\u0103m\u00e2ni<\/option><option value=\"2 luni\">2 luni<\/option><option value=\"4-6 luni\">4-6 luni<\/option><option value=\"F\u0103r\u0103 orizont de timp\">F\u0103r\u0103 orizont de timp<\/option><\/select><\/span>\n\t<\/p>\n<\/div>\n<div class=\"box style-3 wpb_content_element\">\n\t<p>Descrierea proiectului\n\t<\/p>\n\t<p><span class=\"wpcf7-form-control-wrap\" data-name=\"your-message\"><textarea cols=\"40\" rows=\"10\" maxlength=\"2000\" class=\"wpcf7-form-control wpcf7-textarea\" aria-invalid=\"false\" name=\"your-message\"><\/textarea><\/span>\n\t<\/p>\n<\/div>\n<p>\n\n<\/p>\n<p><input class=\"wpcf7-form-control wpcf7-submit has-spinner\" type=\"submit\" value=\"Solicit\u0103 ofert\u0103\" \/>\n<\/p><p style=\"display: none !important;\" class=\"akismet-fields-container\" data-prefix=\"_wpcf7_ak_\"><label>&#916;<textarea name=\"_wpcf7_ak_hp_textarea\" cols=\"45\" rows=\"8\" maxlength=\"100\"><\/textarea><\/label><input type=\"hidden\" id=\"ak_js_1\" name=\"_wpcf7_ak_js\" value=\"221\"\/><script>document.getElementById( \"ak_js_1\" ).setAttribute( \"value\", ( new Date() ).getTime() );<\/script><\/p><div class=\"wpcf7-response-output\" aria-hidden=\"true\"><\/div>\n<\/form>\n<\/div>\n[\/vc_column][\/vc_row][vc_row text_align=&#8221;center&#8221; bg_position=&#8221;left top&#8221;][vc_column animation=&#8221;fade-in-from-bottom&#8221; width=&#8221;1\/1&#8243;][vc_column_text]<div class=\"social-icon social-big\"><a href=\"https:\/\/facebook.com\/Burqundi\" target=\"_blank\" title=\"\"><i class=\"fa fa-facebook\"><\/i><\/a><\/div><div class=\"social-icon social-big\"><a href=\"https:\/\/twitter.com\/Burqundi\" target=\"_blank\" title=\"\"><i class=\"fa fa-twitter\"><\/i><\/a><\/div><div class=\"clear\"><\/div><div class=\"spacer\" style=\"height: 20px;\"><\/div>\n\u00a9 2012-2020 <strong>Burqundi \u2013 Solu\u021bii integrate de marketing digital<\/strong>. Toate drepturile rezervate.[\/vc_column_text][\/vc_column][\/vc_row]<\/p>\n<\/div>","protected":false},"excerpt":{"rendered":"<p>[vc_row top_padding=&#8221;10&#8243; row_id=&#8221;services&#8221; bg_position=&#8221;left top&#8221;][vc_column animation=&#8221;fade-in&#8221; width=&#8221;1\/1&#8243;][\/vc_column][\/vc_row][vc_row text_align=&#8221;center&#8221; bg_position=&#8221;left top&#8221;][vc_column animation=&#8221;fade-in-from-bottom&#8221; width=&#8221;1\/1&#8243;][vc_column_text] \u00a9 2012-2020 Burqundi \u2013 Solu\u021bii integrate de marketing digital. Toate drepturile rezervate.[\/vc_column_text][\/vc_column][\/vc_row]<\/p>\n","protected":false},"author":1,"featured_media":15958,"parent":0,"menu_order":0,"comment_status":"open","ping_status":"closed","template":"","meta":{"_exactmetrics_skip_tracking":false,"_exactmetrics_sitenote_active":false,"_exactmetrics_sitenote_note":"","_exactmetrics_sitenote_category":0,"footnotes":""},"class_list":["post-15992","page","type-page","status-publish","has-post-thumbnail","hentry"],"yoast_head":"<!-- This site is optimized with the Yoast SEO plugin v27.1.1 - https:\/\/yoast.com\/product\/yoast-seo-wordpress\/ -->\n<title>Solicit\u0103 ofert\u0103 - Burqundi<\/title>\n<meta name=\"description\" content=\"Was your deadline yesterday? Tell us what you want and we will tell you what you need and how can we do it, together.\" \/>\n<meta name=\"robots\" content=\"noindex, follow, max-snippet:-1, max-image-preview:large, max-video-preview:-1\" \/>\n<meta property=\"og:locale\" content=\"ro_RO\" \/>\n<meta property=\"og:type\" content=\"article\" \/>\n<meta property=\"og:title\" content=\"Solicit\u0103 ofert\u0103 - Burqundi\" \/>\n<meta property=\"og:description\" content=\"Was your deadline yesterday? Tell us what you want and we will tell you what you need and how can we do it, together.\" \/>\n<meta property=\"og:url\" content=\"https:\/\/burqundi.ro\/ro\/solicita-oferta\/\" \/>\n<meta property=\"og:site_name\" content=\"Burqundi\" \/>\n<meta property=\"article:modified_time\" content=\"2020-06-21T18:37:39+00:00\" \/>\n<meta property=\"og:image\" content=\"https:\/\/burqundi.ro\/wp-content\/uploads\/2015\/02\/12371255_478517405606780_3759626146109905758_o.png\" \/>\n\t<meta property=\"og:image:width\" content=\"1600\" \/>\n\t<meta property=\"og:image:height\" content=\"1600\" \/>\n\t<meta property=\"og:image:type\" content=\"image\/png\" \/>\n<meta name=\"twitter:card\" content=\"summary_large_image\" \/>\n<meta name=\"twitter:label1\" content=\"Timp estimat pentru citire\" \/>\n\t<meta name=\"twitter:data1\" content=\"1 minut\" \/>\n<script type=\"application\/ld+json\" class=\"yoast-schema-graph\">{\"@context\":\"https:\/\/schema.org\",\"@graph\":[{\"@type\":\"WebPage\",\"@id\":\"https:\/\/burqundi.ro\/ro\/solicita-oferta\/\",\"url\":\"https:\/\/burqundi.ro\/ro\/solicita-oferta\/\",\"name\":\"Solicit\u0103 ofert\u0103 - Burqundi\",\"isPartOf\":{\"@id\":\"https:\/\/burqundi.ro\/ro\/#website\"},\"primaryImageOfPage\":{\"@id\":\"https:\/\/burqundi.ro\/ro\/solicita-oferta\/#primaryimage\"},\"image\":{\"@id\":\"https:\/\/burqundi.ro\/ro\/solicita-oferta\/#primaryimage\"},\"thumbnailUrl\":\"https:\/\/burqundi.ro\/wp-content\/uploads\/2015\/02\/12371255_478517405606780_3759626146109905758_o.png\",\"datePublished\":\"2015-02-19T21:25:05+00:00\",\"dateModified\":\"2020-06-21T18:37:39+00:00\",\"description\":\"Was your deadline yesterday? Tell us what you want and we will tell you what you need and how can we do it, together.\",\"breadcrumb\":{\"@id\":\"https:\/\/burqundi.ro\/ro\/solicita-oferta\/#breadcrumb\"},\"inLanguage\":\"ro-RO\",\"potentialAction\":[{\"@type\":\"ReadAction\",\"target\":[\"https:\/\/burqundi.ro\/ro\/solicita-oferta\/\"]}]},{\"@type\":\"ImageObject\",\"inLanguage\":\"ro-RO\",\"@id\":\"https:\/\/burqundi.ro\/ro\/solicita-oferta\/#primaryimage\",\"url\":\"https:\/\/burqundi.ro\/wp-content\/uploads\/2015\/02\/12371255_478517405606780_3759626146109905758_o.png\",\"contentUrl\":\"https:\/\/burqundi.ro\/wp-content\/uploads\/2015\/02\/12371255_478517405606780_3759626146109905758_o.png\",\"width\":1600,\"height\":1600,\"caption\":\"Burqundi - The Digital Marketing Agency\"},{\"@type\":\"BreadcrumbList\",\"@id\":\"https:\/\/burqundi.ro\/ro\/solicita-oferta\/#breadcrumb\",\"itemListElement\":[{\"@type\":\"ListItem\",\"position\":1,\"name\":\"Home\",\"item\":\"https:\/\/burqundi.ro\/ro\/\"},{\"@type\":\"ListItem\",\"position\":2,\"name\":\"Solicit\u0103 ofert\u0103\"}]},{\"@type\":\"WebSite\",\"@id\":\"https:\/\/burqundi.ro\/ro\/#website\",\"url\":\"https:\/\/burqundi.ro\/ro\/\",\"name\":\"Burqundi\",\"description\":\"The Digital Marketing Agency\",\"potentialAction\":[{\"@type\":\"SearchAction\",\"target\":{\"@type\":\"EntryPoint\",\"urlTemplate\":\"https:\/\/burqundi.ro\/ro\/?s={search_term_string}\"},\"query-input\":{\"@type\":\"PropertyValueSpecification\",\"valueRequired\":true,\"valueName\":\"search_term_string\"}}],\"inLanguage\":\"ro-RO\"}]}<\/script>\n<!-- \/ Yoast SEO plugin. -->","yoast_head_json":{"title":"Solicit\u0103 ofert\u0103 - Burqundi","description":"Was your deadline yesterday? Tell us what you want and we will tell you what you need and how can we do it, together.","robots":{"index":"noindex","follow":"follow","max-snippet":"max-snippet:-1","max-image-preview":"max-image-preview:large","max-video-preview":"max-video-preview:-1"},"og_locale":"ro_RO","og_type":"article","og_title":"Solicit\u0103 ofert\u0103 - Burqundi","og_description":"Was your deadline yesterday? Tell us what you want and we will tell you what you need and how can we do it, together.","og_url":"https:\/\/burqundi.ro\/ro\/solicita-oferta\/","og_site_name":"Burqundi","article_modified_time":"2020-06-21T18:37:39+00:00","og_image":[{"width":1600,"height":1600,"url":"https:\/\/burqundi.ro\/wp-content\/uploads\/2015\/02\/12371255_478517405606780_3759626146109905758_o.png","type":"image\/png"}],"twitter_card":"summary_large_image","twitter_misc":{"Timp estimat pentru citire":"1 minut"},"schema":{"@context":"https:\/\/schema.org","@graph":[{"@type":"WebPage","@id":"https:\/\/burqundi.ro\/ro\/solicita-oferta\/","url":"https:\/\/burqundi.ro\/ro\/solicita-oferta\/","name":"Solicit\u0103 ofert\u0103 - Burqundi","isPartOf":{"@id":"https:\/\/burqundi.ro\/ro\/#website"},"primaryImageOfPage":{"@id":"https:\/\/burqundi.ro\/ro\/solicita-oferta\/#primaryimage"},"image":{"@id":"https:\/\/burqundi.ro\/ro\/solicita-oferta\/#primaryimage"},"thumbnailUrl":"https:\/\/burqundi.ro\/wp-content\/uploads\/2015\/02\/12371255_478517405606780_3759626146109905758_o.png","datePublished":"2015-02-19T21:25:05+00:00","dateModified":"2020-06-21T18:37:39+00:00","description":"Was your deadline yesterday? Tell us what you want and we will tell you what you need and how can we do it, together.","breadcrumb":{"@id":"https:\/\/burqundi.ro\/ro\/solicita-oferta\/#breadcrumb"},"inLanguage":"ro-RO","potentialAction":[{"@type":"ReadAction","target":["https:\/\/burqundi.ro\/ro\/solicita-oferta\/"]}]},{"@type":"ImageObject","inLanguage":"ro-RO","@id":"https:\/\/burqundi.ro\/ro\/solicita-oferta\/#primaryimage","url":"https:\/\/burqundi.ro\/wp-content\/uploads\/2015\/02\/12371255_478517405606780_3759626146109905758_o.png","contentUrl":"https:\/\/burqundi.ro\/wp-content\/uploads\/2015\/02\/12371255_478517405606780_3759626146109905758_o.png","width":1600,"height":1600,"caption":"Burqundi - The Digital Marketing Agency"},{"@type":"BreadcrumbList","@id":"https:\/\/burqundi.ro\/ro\/solicita-oferta\/#breadcrumb","itemListElement":[{"@type":"ListItem","position":1,"name":"Home","item":"https:\/\/burqundi.ro\/ro\/"},{"@type":"ListItem","position":2,"name":"Solicit\u0103 ofert\u0103"}]},{"@type":"WebSite","@id":"https:\/\/burqundi.ro\/ro\/#website","url":"https:\/\/burqundi.ro\/ro\/","name":"Burqundi","description":"The Digital Marketing Agency","potentialAction":[{"@type":"SearchAction","target":{"@type":"EntryPoint","urlTemplate":"https:\/\/burqundi.ro\/ro\/?s={search_term_string}"},"query-input":{"@type":"PropertyValueSpecification","valueRequired":true,"valueName":"search_term_string"}}],"inLanguage":"ro-RO"}]}},"_links":{"self":[{"href":"https:\/\/burqundi.ro\/ro\/wp-json\/wp\/v2\/pages\/15992","targetHints":{"allow":["GET"]}}],"collection":[{"href":"https:\/\/burqundi.ro\/ro\/wp-json\/wp\/v2\/pages"}],"about":[{"href":"https:\/\/burqundi.ro\/ro\/wp-json\/wp\/v2\/types\/page"}],"author":[{"embeddable":true,"href":"https:\/\/burqundi.ro\/ro\/wp-json\/wp\/v2\/users\/1"}],"replies":[{"embeddable":true,"href":"https:\/\/burqundi.ro\/ro\/wp-json\/wp\/v2\/comments?post=15992"}],"version-history":[{"count":9,"href":"https:\/\/burqundi.ro\/ro\/wp-json\/wp\/v2\/pages\/15992\/revisions"}],"predecessor-version":[{"id":16297,"href":"https:\/\/burqundi.ro\/ro\/wp-json\/wp\/v2\/pages\/15992\/revisions\/16297"}],"wp:featuredmedia":[{"embeddable":true,"href":"https:\/\/burqundi.ro\/ro\/wp-json\/wp\/v2\/media\/15958"}],"wp:attachment":[{"href":"https:\/\/burqundi.ro\/ro\/wp-json\/wp\/v2\/media?parent=15992"}],"curies":[{"name":"wp","href":"https:\/\/api.w.org\/{rel}","templated":true}]}}