{"id":16020,"date":"2015-01-06T16:48:30","date_gmt":"2015-01-06T16:48:30","guid":{"rendered":"https:\/\/burqundi.com\/services\/"},"modified":"2020-06-21T22:05:13","modified_gmt":"2020-06-21T22:05:13","slug":"servicii","status":"publish","type":"page","link":"https:\/\/burqundi.ro\/ro\/servicii\/","title":{"rendered":"Servicii"},"content":{"rendered":"<div class=\"wpb-content-wrapper\"><p>[vc_row bg_color=&#8221;#006f79&#8243; top_padding=&#8221;120&#8243; bottom_padding=&#8221;80&#8243;][vc_column width=&#8221;1\/1&#8243;]<h1 class=\"headline font-inherit fontsize-xxxxxl fontweight-300 lh-13 align-left transform-inherit \" style=\"margin: 0 0 40px 0; color: #ffffff;\">Combin\u0103m tehnologia<br \/>\ncu cuno\u0219tin\u021bele \u0219i arta.<br \/>\n\u00centr-un mix perfect.<\/h1><div class=\"headline font-inherit fontsize-l fontweight-400 lh-inherit align-left transform-inherit \" style=\"margin: 0; color: #f9f9f9;\">Construim site-uri \u0219i platforme digitale privite prin perspectiva specialistului de marketing, orientat pe rezultat. Nu instrumente tehnice ci solu\u021bii avansate, dar simple \u0219i de utilizat \u0219i urm\u0103rit, pentru a crea cele mai eficiente campanii de marketing digital.<\/div>[\/vc_column][\/vc_row][vc_row top_padding=&#8221;60&#8243; bottom_padding=&#8221;60&#8243; row_id=&#8221;services&#8221; bg_position=&#8221;left top&#8221;][vc_column animation=&#8221;fade-in&#8221; width=&#8221;1\/1&#8243;]<h3 class=\"headline font-inherit fontsize-xxl fontweight-300 lh-inherit align-center transform-uppercase \" style=\"margin: 0 0 20px 0;\"><strong>Servicii<\/strong> oferite<\/h3><h4 class=\"headline font-inherit fontsize-m fontweight-300 lh-inherit align-center transform-inherit \" style=\"margin: 0 0 40px 0; color: #999999;\">Urm\u0103m cu aten\u021bie obiectivele pe care ni le stabilim \u0219i dezvolt\u0103m solu\u021bii clare pentru atingerea lor.<\/h4>[vc_row_inner][vc_column_inner width=&#8221;1\/3&#8243;]<div class=\"iconbox  wpb_content_element iconbox-style-2 icon-color-accent color-dark clearfix\"><div class=\"iconbox-icon\"><i class=\"fa fa-group boxicon\" style=\"\"><\/i><\/div><div class=\"iconbox-content\"><h3>strategie de marketing<\/h3><p>\n<p style=\"text-align: justify;\">Dezvolt\u0103m strategia de marketing pentru a impulsiona at\u00e2t veniturile c\u00e2t \u0219i profitul pentru compania dvs. Nicio strategie de marketing nu trebuie numit\u0103 strategie f\u0103r\u0103 un plan solid \u0219i realist, bazat pe numere, nu pe pove\u0219ti.<\/p>\n<\/p><\/div><\/div><div class=\"spacer\" style=\"height: 10px;\"><\/div><div class=\"iconbox  wpb_content_element iconbox-style-2 icon-color-accent color-dark clearfix\"><div class=\"iconbox-icon\"><i class=\"fa fa-line-chart boxicon\" style=\"\"><\/i><\/div><div class=\"iconbox-content\"><h3>analiz\u0103 &amp; metrici<\/h3><p>\n<p style=\"text-align: justify;\">M\u0103sura\u021bi, optimiza\u021bi, converti\u021bi, repeta\u021bi. Frumuse\u021bea marketingului digital este c\u0103 totul poate fi m\u0103surat. Dar oare trebuie? Dezvoltarea \u0219i m\u0103sur\u0103torile KPI r\u0103spund de ce, de ce \u0219i cum.<\/p>\n<\/p><\/div><\/div>[\/vc_column_inner][vc_column_inner width=&#8221;1\/3&#8243;]<div class=\"iconbox  wpb_content_element iconbox-style-2 icon-color-accent color-dark clearfix\"><div class=\"iconbox-icon\"><i class=\"fa fa-bar-chart-o boxicon\" style=\"\"><\/i><\/div><div class=\"iconbox-content\"><h3>marketing digital<\/h3><p>\n<p style=\"text-align: justify;\">Marketingul f\u0103r\u0103 extensia sa digital\u0103 nu mai este o op\u021biune pentru nicio afacere modern\u0103. Fiecare companie ar trebui s\u0103 o foloseasc\u0103. Intra\u021bi \u00een contact cu noi \u0219i \u00eempreun\u0103 vom stabili abordarea perfect\u0103 pentru afacerea dvs.<\/p>\n<\/p><\/div><\/div><div class=\"spacer\" style=\"height: 10px;\"><\/div><div class=\"iconbox  wpb_content_element iconbox-style-2 icon-color-accent color-dark clearfix\"><div class=\"iconbox-icon\"><i class=\"fa fa-language boxicon\" style=\"\"><\/i><\/div><div class=\"iconbox-content\"><h3>localizare de con\u021binut<\/h3><p>\n<p style=\"text-align: justify;\">Traducerea se refer\u0103 la dep\u0103\u0219irea barierei lingvistice, \u00een timp ce localizarea se refer\u0103 la dep\u0103\u0219irea celei culturale. Oferim servicii de localizare complete at\u00e2t pentru con\u021binut de marketing c\u00e2t \u0219i pentru nevoile dvs. digitale: platforme, aplica\u021bii web, mobile, etc.<\/p>\n<\/p><\/div><\/div>[\/vc_column_inner][vc_column_inner width=&#8221;1\/3&#8243;]<div class=\"iconbox  wpb_content_element iconbox-style-2 icon-color-accent color-dark clearfix\"><div class=\"iconbox-icon\"><i class=\"fa fa-image boxicon\" style=\"\"><\/i><\/div><div class=\"iconbox-content\"><h3>branding &amp; design<\/h3><p>\n<p style=\"text-align: justify;\">Marketingul este tactic. Branding-ul este strategic. Branding-ul \u00eei transform\u0103 pe cei care cump\u0103r\u0103 \u00een clien\u021bi fideli, avoca\u021bi, chiar ambasadori. A\u0219adar, le combin\u0103m cu un design bun \u0219i imagini potrivite, pentru un impact maxim.<\/p>\n<\/p><\/div><\/div><div class=\"spacer\" style=\"height: 10px;\"><\/div><div class=\"iconbox  wpb_content_element iconbox-style-2 icon-color-accent color-dark clearfix\"><div class=\"iconbox-icon\"><i class=\"fa fa-camera-retro boxicon\" style=\"\"><\/i><\/div><div class=\"iconbox-content\"><h3>servicii photo &amp; video<\/h3><p>\n<p style=\"text-align: justify;\">Cu o echip\u0103 de arti\u0219ti digitali cu experien\u021b\u0103, ne \u00eendeplinim portofoliul de marketing, oferind servicii foto &amp; video la cel mai \u00eenalt nivel. Studioul nostru este capabil s\u0103 livreze de la portrete simple de afaceri la reclame TV.<\/p>\n<\/p><\/div><\/div>[\/vc_column_inner][\/vc_row_inner][\/vc_column][\/vc_row][vc_row type=&#8221;full_width_section&#8221; row_id=&#8221;features&#8221; bg_position=&#8221;left top&#8221;][vc_column animation=&#8221;fade-in-from-left&#8221; bg_color=&#8221;#222222&#8243; column_padding=&#8221;padding-5&#8243; text_color=&#8221;custom&#8221; custom_text_color=&#8221;#44bdbd&#8221; width=&#8221;1\/2&#8243;]<h2 class=\"headline font-inherit fontsize-xxxxl fontweight-300 lh-12 align-left transform-inherit \" style=\"margin: 0; color: #006f79;\"><b>DEZVOLTARE WEB&#8230;<\/b> \u0218I NU NUMAI.<\/h2>[\/vc_column][vc_column animation=&#8221;fade-in-from-right&#8221; bg_color=&#8221;#006f79&#8243; column_padding=&#8221;padding-5&#8243; column_center=&#8221;true&#8221; text_color=&#8221;light&#8221; width=&#8221;1\/2&#8243;]<div class=\"headline font-inherit fontsize-m fontweight-300 lh-inherit align-center transform-inherit \" style=\"margin: 0 0 40px 0; color: #999999;\">\n<p style=\"text-align: justify;\">Lucr\u0103m cu cele mai bune tehnologii \u0219i implement\u0103m \u00een timp real cele mai noi tendin\u021be. Vorbim fluent \u00een cod \u0219i realiz\u0103m solu\u021bii personalizate pentru clien\u021bii cu nevoi specifice. Accept\u0103m orice provocare \u00een dezvoltarea web \u0219i a serviciilor conexe, pornind de la site-uri simple de prezentare cu func\u021bionalitate redus\u0103 p\u00e2n\u0103 la portaluri de comer\u021b electronic cu integr\u0103ri multiple \u0219i bazate pe cele mai complexe solu\u021bii.<\/p>\n<p style=\"text-align: justify;\">\u0218i atunci c\u00e2nd totul func\u021bioneaz\u0103 perfect, ne asigur\u0103m c\u0103 acest lucru este la zi prin serviciile de mentenan\u021b\u0103 \u0219i suport pe care le oferim.<\/p>\n<\/div><a href=\"\/ro\/solicita-oferta\" target=\"_blank\" class=\"button button-appear color-8 large \" style=\"border-radius: 2px;\"><span>solicit\u0103 ofert\u0103<i class='fa fa-chevron-right'><\/i><\/span><\/a>[\/vc_column][\/vc_row][vc_row text_align=&#8221;center&#8221; top_padding=&#8221;60&#8243; bottom_padding=&#8221;60&#8243; bg_position=&#8221;left top&#8221;][vc_column animation=&#8221;fade-in-from-bottom&#8221; width=&#8221;1\/1&#8243;][vc_column_text]<div class=\"social-icon social-big\"><a href=\"https:\/\/facebook.com\/Burqundi\" target=\"_blank\" title=\"\"><i class=\"fa fa-facebook\"><\/i><\/a><\/div><div class=\"social-icon social-big\"><a href=\"https:\/\/twitter.com\/Burqundi\" target=\"_blank\" title=\"\"><i class=\"fa fa-twitter\"><\/i><\/a><\/div><div class=\"clear\"><\/div><div class=\"spacer\" style=\"height: 20px;\"><\/div>\n\u00a9 2012-2020 <strong>Burqundi \u2013 Solu\u021bii integrate de marketing digital<\/strong>. Toate drepturile rezervate.[\/vc_column_text][\/vc_column][\/vc_row]<\/p>\n<\/div>","protected":false},"excerpt":{"rendered":"<p>[vc_row bg_color=&#8221;#006f79&#8243; top_padding=&#8221;120&#8243; bottom_padding=&#8221;80&#8243;][vc_column width=&#8221;1\/1&#8243;][\/vc_column][\/vc_row][vc_row top_padding=&#8221;60&#8243; bottom_padding=&#8221;60&#8243; row_id=&#8221;services&#8221; bg_position=&#8221;left top&#8221;][vc_column animation=&#8221;fade-in&#8221; width=&#8221;1\/1&#8243;][vc_row_inner][vc_column_inner width=&#8221;1\/3&#8243;][\/vc_column_inner][vc_column_inner width=&#8221;1\/3&#8243;][\/vc_column_inner][vc_column_inner width=&#8221;1\/3&#8243;][\/vc_column_inner][\/vc_row_inner][\/vc_column][\/vc_row][vc_row type=&#8221;full_width_section&#8221; row_id=&#8221;features&#8221; bg_position=&#8221;left top&#8221;][vc_column animation=&#8221;fade-in-from-left&#8221; bg_color=&#8221;#222222&#8243; column_padding=&#8221;padding-5&#8243; text_color=&#8221;custom&#8221; custom_text_color=&#8221;#44bdbd&#8221; width=&#8221;1\/2&#8243;][\/vc_column][vc_column animation=&#8221;fade-in-from-right&#8221; bg_color=&#8221;#006f79&#8243; column_padding=&#8221;padding-5&#8243; column_center=&#8221;true&#8221; text_color=&#8221;light&#8221; width=&#8221;1\/2&#8243;][\/vc_column][\/vc_row][vc_row text_align=&#8221;center&#8221; top_padding=&#8221;60&#8243; bottom_padding=&#8221;60&#8243; bg_position=&#8221;left top&#8221;][vc_column animation=&#8221;fade-in-from-bottom&#8221; width=&#8221;1\/1&#8243;][vc_column_text] \u00a9 2012-2020 Burqundi \u2013 Solu\u021bii integrate de marketing digital. Toate drepturile rezervate.[\/vc_column_text][\/vc_column][\/vc_row]<\/p>\n","protected":false},"author":1,"featured_media":15958,"parent":0,"menu_order":0,"comment_status":"open","ping_status":"closed","template":"","meta":{"_exactmetrics_skip_tracking":false,"_exactmetrics_sitenote_active":false,"_exactmetrics_sitenote_note":"","_exactmetrics_sitenote_category":0,"footnotes":""},"class_list":["post-16020","page","type-page","status-publish","has-post-thumbnail","hentry"],"yoast_head":"<!-- This site is optimized with the Yoast SEO plugin v27.1.1 - https:\/\/yoast.com\/product\/yoast-seo-wordpress\/ -->\n<title>Servicii - Burqundi<\/title>\n<meta name=\"description\" content=\"Construim site-uri \u0219i platforme digitale privite prin perspectiva specialistului de marketing, orientat pe rezultat.\" \/>\n<meta name=\"robots\" content=\"noindex, follow, max-snippet:-1, max-image-preview:large, max-video-preview:-1\" \/>\n<meta property=\"og:locale\" content=\"ro_RO\" \/>\n<meta property=\"og:type\" content=\"article\" \/>\n<meta property=\"og:title\" content=\"Servicii - Burqundi\" \/>\n<meta property=\"og:description\" content=\"Construim site-uri \u0219i platforme digitale privite prin perspectiva specialistului de marketing, orientat pe rezultat.\" \/>\n<meta property=\"og:url\" content=\"https:\/\/burqundi.ro\/ro\/servicii\/\" \/>\n<meta property=\"og:site_name\" content=\"Burqundi\" \/>\n<meta property=\"article:modified_time\" content=\"2020-06-21T22:05:13+00:00\" \/>\n<meta property=\"og:image\" content=\"https:\/\/burqundi.ro\/wp-content\/uploads\/2015\/02\/12371255_478517405606780_3759626146109905758_o.png\" \/>\n\t<meta property=\"og:image:width\" content=\"1600\" \/>\n\t<meta property=\"og:image:height\" content=\"1600\" \/>\n\t<meta property=\"og:image:type\" content=\"image\/png\" \/>\n<meta name=\"twitter:card\" content=\"summary_large_image\" \/>\n<meta name=\"twitter:label1\" content=\"Timp estimat pentru citire\" \/>\n\t<meta name=\"twitter:data1\" content=\"4 minute\" \/>\n<script type=\"application\/ld+json\" class=\"yoast-schema-graph\">{\"@context\":\"https:\/\/schema.org\",\"@graph\":[{\"@type\":\"WebPage\",\"@id\":\"https:\/\/burqundi.ro\/ro\/servicii\/\",\"url\":\"https:\/\/burqundi.ro\/ro\/servicii\/\",\"name\":\"Servicii - Burqundi\",\"isPartOf\":{\"@id\":\"https:\/\/burqundi.ro\/ro\/#website\"},\"primaryImageOfPage\":{\"@id\":\"https:\/\/burqundi.ro\/ro\/servicii\/#primaryimage\"},\"image\":{\"@id\":\"https:\/\/burqundi.ro\/ro\/servicii\/#primaryimage\"},\"thumbnailUrl\":\"https:\/\/burqundi.ro\/wp-content\/uploads\/2015\/02\/12371255_478517405606780_3759626146109905758_o.png\",\"datePublished\":\"2015-01-06T16:48:30+00:00\",\"dateModified\":\"2020-06-21T22:05:13+00:00\",\"description\":\"Construim site-uri \u0219i platforme digitale privite prin perspectiva specialistului de marketing, orientat pe rezultat.\",\"breadcrumb\":{\"@id\":\"https:\/\/burqundi.ro\/ro\/servicii\/#breadcrumb\"},\"inLanguage\":\"ro-RO\",\"potentialAction\":[{\"@type\":\"ReadAction\",\"target\":[\"https:\/\/burqundi.ro\/ro\/servicii\/\"]}]},{\"@type\":\"ImageObject\",\"inLanguage\":\"ro-RO\",\"@id\":\"https:\/\/burqundi.ro\/ro\/servicii\/#primaryimage\",\"url\":\"https:\/\/burqundi.ro\/wp-content\/uploads\/2015\/02\/12371255_478517405606780_3759626146109905758_o.png\",\"contentUrl\":\"https:\/\/burqundi.ro\/wp-content\/uploads\/2015\/02\/12371255_478517405606780_3759626146109905758_o.png\",\"width\":1600,\"height\":1600,\"caption\":\"Burqundi - The Digital Marketing Agency\"},{\"@type\":\"BreadcrumbList\",\"@id\":\"https:\/\/burqundi.ro\/ro\/servicii\/#breadcrumb\",\"itemListElement\":[{\"@type\":\"ListItem\",\"position\":1,\"name\":\"Home\",\"item\":\"https:\/\/burqundi.ro\/ro\/\"},{\"@type\":\"ListItem\",\"position\":2,\"name\":\"Servicii\"}]},{\"@type\":\"WebSite\",\"@id\":\"https:\/\/burqundi.ro\/ro\/#website\",\"url\":\"https:\/\/burqundi.ro\/ro\/\",\"name\":\"Burqundi\",\"description\":\"The Digital Marketing Agency\",\"potentialAction\":[{\"@type\":\"SearchAction\",\"target\":{\"@type\":\"EntryPoint\",\"urlTemplate\":\"https:\/\/burqundi.ro\/ro\/?s={search_term_string}\"},\"query-input\":{\"@type\":\"PropertyValueSpecification\",\"valueRequired\":true,\"valueName\":\"search_term_string\"}}],\"inLanguage\":\"ro-RO\"}]}<\/script>\n<!-- \/ Yoast SEO plugin. -->","yoast_head_json":{"title":"Servicii - Burqundi","description":"Construim site-uri \u0219i platforme digitale privite prin perspectiva specialistului de marketing, orientat pe rezultat.","robots":{"index":"noindex","follow":"follow","max-snippet":"max-snippet:-1","max-image-preview":"max-image-preview:large","max-video-preview":"max-video-preview:-1"},"og_locale":"ro_RO","og_type":"article","og_title":"Servicii - Burqundi","og_description":"Construim site-uri \u0219i platforme digitale privite prin perspectiva specialistului de marketing, orientat pe rezultat.","og_url":"https:\/\/burqundi.ro\/ro\/servicii\/","og_site_name":"Burqundi","article_modified_time":"2020-06-21T22:05:13+00:00","og_image":[{"width":1600,"height":1600,"url":"https:\/\/burqundi.ro\/wp-content\/uploads\/2015\/02\/12371255_478517405606780_3759626146109905758_o.png","type":"image\/png"}],"twitter_card":"summary_large_image","twitter_misc":{"Timp estimat pentru citire":"4 minute"},"schema":{"@context":"https:\/\/schema.org","@graph":[{"@type":"WebPage","@id":"https:\/\/burqundi.ro\/ro\/servicii\/","url":"https:\/\/burqundi.ro\/ro\/servicii\/","name":"Servicii - Burqundi","isPartOf":{"@id":"https:\/\/burqundi.ro\/ro\/#website"},"primaryImageOfPage":{"@id":"https:\/\/burqundi.ro\/ro\/servicii\/#primaryimage"},"image":{"@id":"https:\/\/burqundi.ro\/ro\/servicii\/#primaryimage"},"thumbnailUrl":"https:\/\/burqundi.ro\/wp-content\/uploads\/2015\/02\/12371255_478517405606780_3759626146109905758_o.png","datePublished":"2015-01-06T16:48:30+00:00","dateModified":"2020-06-21T22:05:13+00:00","description":"Construim site-uri \u0219i platforme digitale privite prin perspectiva specialistului de marketing, orientat pe rezultat.","breadcrumb":{"@id":"https:\/\/burqundi.ro\/ro\/servicii\/#breadcrumb"},"inLanguage":"ro-RO","potentialAction":[{"@type":"ReadAction","target":["https:\/\/burqundi.ro\/ro\/servicii\/"]}]},{"@type":"ImageObject","inLanguage":"ro-RO","@id":"https:\/\/burqundi.ro\/ro\/servicii\/#primaryimage","url":"https:\/\/burqundi.ro\/wp-content\/uploads\/2015\/02\/12371255_478517405606780_3759626146109905758_o.png","contentUrl":"https:\/\/burqundi.ro\/wp-content\/uploads\/2015\/02\/12371255_478517405606780_3759626146109905758_o.png","width":1600,"height":1600,"caption":"Burqundi - The Digital Marketing Agency"},{"@type":"BreadcrumbList","@id":"https:\/\/burqundi.ro\/ro\/servicii\/#breadcrumb","itemListElement":[{"@type":"ListItem","position":1,"name":"Home","item":"https:\/\/burqundi.ro\/ro\/"},{"@type":"ListItem","position":2,"name":"Servicii"}]},{"@type":"WebSite","@id":"https:\/\/burqundi.ro\/ro\/#website","url":"https:\/\/burqundi.ro\/ro\/","name":"Burqundi","description":"The Digital Marketing Agency","potentialAction":[{"@type":"SearchAction","target":{"@type":"EntryPoint","urlTemplate":"https:\/\/burqundi.ro\/ro\/?s={search_term_string}"},"query-input":{"@type":"PropertyValueSpecification","valueRequired":true,"valueName":"search_term_string"}}],"inLanguage":"ro-RO"}]}},"_links":{"self":[{"href":"https:\/\/burqundi.ro\/ro\/wp-json\/wp\/v2\/pages\/16020","targetHints":{"allow":["GET"]}}],"collection":[{"href":"https:\/\/burqundi.ro\/ro\/wp-json\/wp\/v2\/pages"}],"about":[{"href":"https:\/\/burqundi.ro\/ro\/wp-json\/wp\/v2\/types\/page"}],"author":[{"embeddable":true,"href":"https:\/\/burqundi.ro\/ro\/wp-json\/wp\/v2\/users\/1"}],"replies":[{"embeddable":true,"href":"https:\/\/burqundi.ro\/ro\/wp-json\/wp\/v2\/comments?post=16020"}],"version-history":[{"count":7,"href":"https:\/\/burqundi.ro\/ro\/wp-json\/wp\/v2\/pages\/16020\/revisions"}],"predecessor-version":[{"id":16391,"href":"https:\/\/burqundi.ro\/ro\/wp-json\/wp\/v2\/pages\/16020\/revisions\/16391"}],"wp:featuredmedia":[{"embeddable":true,"href":"https:\/\/burqundi.ro\/ro\/wp-json\/wp\/v2\/media\/15958"}],"wp:attachment":[{"href":"https:\/\/burqundi.ro\/ro\/wp-json\/wp\/v2\/media?parent=16020"}],"curies":[{"name":"wp","href":"https:\/\/api.w.org\/{rel}","templated":true}]}}